{"id":121,"date":"2024-02-21T09:34:57","date_gmt":"2024-02-21T08:34:57","guid":{"rendered":"https:\/\/restaurant-goulu.paris\/?page_id=121"},"modified":"2024-08-21T16:09:19","modified_gmt":"2024-08-21T14:09:19","slug":"le-restaurant","status":"publish","type":"page","link":"https:\/\/restaurant-goulu.paris\/en\/le-restaurant\/","title":{"rendered":"Restaurant"},"content":{"rendered":"<div class=\"gb-container gb-container-350ae209\">\n<div class=\"gb-container gb-container-7f005d40\">\n\n<h1 class=\"gb-headline gb-headline-65c09bb8 gb-headline-text\"><strong>GOULUE | RESTAURANT CHIC PARIS<br> BISTRONOMIC CUISINE<\/strong><\/h1>\n\n\n\n<a class=\"gb-button gb-button-ee1e5ea0 gb-button-text\" href=\"https:\/\/restaurant-goulu.paris\/en\/contact\/\">BOOKING<\/a>\n\n\n\n<h2 class=\"gb-headline gb-headline-479b0aca\"><span class=\"gb-icon\"><svg aria-hidden=\"true\" role=\"img\" height=\"1em\" width=\"1em\" viewbox=\"0 0 448 512\" xmlns=\"http:\/\/www.w3.org\/2000\/svg\"><path fill=\"currentColor\" d=\"M207.029 381.476L12.686 187.132c-9.373-9.373-9.373-24.569 0-33.941l22.667-22.667c9.357-9.357 24.522-9.375 33.901-.04L224 284.505l154.745-154.021c9.379-9.335 24.544-9.317 33.901.04l22.667 22.667c9.373 9.373 9.373 24.569 0 33.941L240.971 381.476c-9.373 9.372-24.569 9.372-33.942 0z\"><\/path><\/svg><\/span><\/h2>\n\n<\/div>\n<\/div>\n\n<div class=\"gb-container gb-container-6cc5bc0f\"><\/div>\n\n<div class=\"gb-container gb-container-1093dc6e\">\n<div class=\"gb-container gb-container-8d8ee117\">\n\n<h2 class=\"gb-headline gb-headline-6dcebbcc gb-headline-text\">PARIS 15TH ARRONDISSEMENT <br>DISCOVER THE CULINARY PASSION OF A CHEF !<\/h2>\n\n\n<div class=\"gb-grid-wrapper gb-grid-wrapper-0c360135\">\n<div class=\"gb-grid-column gb-grid-column-95ceb6de\"><div class=\"gb-container gb-container-95ceb6de\">\n\n<p class=\"gb-headline gb-headline-48985713 gb-headline-text\">THE BISTRONOMIC <br>CUISINE OF <br>THE CHEF<\/p>\n\n<\/div><\/div>\n\n<div class=\"gb-grid-column gb-grid-column-f78bb303\"><div class=\"gb-container gb-container-f78bb303\">\n\n<p class=\"gb-headline gb-headline-ea71ba56 gb-headline-text\">Combining the refinement of French gastronomy with a relaxed atmosphere, our bistronomic restaurant \u00abGoulue\u00bb celebrates the art of eating well. But what is bistronomy?<\/p>\n\n\n\n<p class=\"gb-headline gb-headline-507ba380 gb-headline-text\">It is above all the perfect marriage between traditional cuisine and contemporary creativity. Our chef turns to this approach to offer an authentic culinary experience, highlighting local and seasonal products, while offering original dishes, gourmets and gourmands. Come and discover a cuisine that reinvents the classics with passion and know-how! Discover the essence of bistronomic cuisine at Goulue in the heart of the 15th arrondissement of Paris!<\/p>\n\n<\/div><\/div>\n<\/div>\n<\/div>\n<\/div>\n\n<div class=\"gb-container gb-container-dfd5be5b\">\n<div class=\"gb-container gb-container-cc2ff6c3\">\n<div class=\"gb-grid-wrapper gb-grid-wrapper-36295790\">\n<div class=\"gb-grid-column gb-grid-column-a9b11ef4\"><div class=\"gb-container gb-container-a9b11ef4\">\n\n<p class=\"gb-headline gb-headline-9c76dff8 gb-headline-text\">OUR BISTRONOMIC<br>MENUS<\/p>\n\n<\/div><\/div>\n\n<div class=\"gb-grid-column gb-grid-column-7e276538\"><div class=\"gb-container gb-container-7e276538\">\n\n<p class=\"gb-headline gb-headline-9701f3de gb-headline-text\">Discover our different bistronomic menus served for lunch and dinner.<br>All our dishes are homemade and prepared by our Chef with fresh products rigorously selected for their quality and taste. <\/p>\n\n<\/div><\/div>\n<\/div>\n\n<div class=\"gb-grid-wrapper gb-grid-wrapper-6558ed5c\">\n<div class=\"gb-grid-column gb-grid-column-7296145d\"><div class=\"gb-container gb-container-7296145d\">\n\n<p class=\"gb-headline gb-headline-11638169 gb-headline-text\">MENU<br>EMOTION<\/p>\n\n\n<div class=\"gb-container gb-container-9fcdd3f1\"><\/div>\n\n\n<p class=\"gb-headline gb-headline-446ff8ee gb-headline-text\">Starter + Main course or Main course + Dessert<\/p>\n\n\n<div class=\"gb-container gb-container-5d2f04d9\">\n\n<p class=\"gb-headline gb-headline-f5ed111c gb-headline-text\">Lunch<\/p>\n\n\n\n<p class=\"gb-headline gb-headline-404a8ba8 gb-headline-text\"><strong>32.00\u20ac<\/strong><\/p>\n\n<\/div>\n\n<div class=\"gb-container gb-container-7257fcc1\">\n\n<p class=\"gb-headline gb-headline-c6c49895 gb-headline-text\">Dinner<\/p>\n\n\n\n<p class=\"gb-headline gb-headline-efa8660c gb-headline-text\"><strong>36.00\u20ac<\/strong><\/p>\n\n<\/div>\n<\/div><\/div>\n\n<div class=\"gb-grid-column gb-grid-column-9b0e4aea\"><div class=\"gb-container gb-container-9b0e4aea\">\n\n<p class=\"gb-headline gb-headline-7e07dd4f gb-headline-text\">MENU<br>GOURMET<\/p>\n\n\n<div class=\"gb-container gb-container-be661e04\"><\/div>\n\n\n<p class=\"gb-headline gb-headline-f2edf485 gb-headline-text\">Starter + Main course + Dessert<\/p>\n\n\n<div class=\"gb-container gb-container-6b42b44f\">\n\n<p class=\"gb-headline gb-headline-17803983 gb-headline-text\">Lunch<\/p>\n\n\n\n<p class=\"gb-headline gb-headline-5b355ead gb-headline-text\"><strong>42.00\u20ac<\/strong><\/p>\n\n<\/div>\n\n<div class=\"gb-container gb-container-0e4b8f6a\">\n\n<p class=\"gb-headline gb-headline-c3e52934 gb-headline-text\">Dinner<\/p>\n\n\n\n<p class=\"gb-headline gb-headline-df16d9d7 gb-headline-text\"><strong>45.00\u20ac<\/strong><\/p>\n\n<\/div>\n<\/div><\/div>\n\n<div class=\"gb-grid-column gb-grid-column-ac76390e\"><div class=\"gb-container gb-container-ac76390e\">\n\n<p class=\"gb-headline gb-headline-22175a7e gb-headline-text\">MENU <br>TASTING<\/p>\n\n\n<div class=\"gb-container gb-container-eb02624b\"><\/div>\n\n\n<p class=\"gb-headline gb-headline-dac50624 gb-headline-text\">5-course menu prepared by the Chef            <strong>70.00\u20ac<\/strong><\/p>\n\n\n\n<p><strong>3 verres<\/strong><strong>&nbsp; <\/strong><strong>18\u20ac<\/strong><strong><\/strong><\/p>\n\n\n\n<p><strong>4 verres<\/strong><strong>&nbsp; <\/strong><strong>25 \u20ac<\/strong><\/p>\n\n\n<div class=\"gb-container gb-container-66dfd8ee\">\n\n<p class=\"gb-headline gb-headline-53884a66 gb-headline-text\"><\/p>\n\n\n\n<p class=\"gb-headline gb-headline-62c6bf25 gb-headline-text\"><\/p>\n\n<\/div>\n<\/div><\/div>\n<\/div>\n\n<div class=\"gb-container gb-container-c68b4c1a\">\n\n<a class=\"gb-button gb-button-c14d08b5 gb-button-text\" href=\"https:\/\/restaurant-goulu.paris\/en\/contact\/\">BOOK ONLINE<\/a>\n\n\n\n<a class=\"gb-button gb-button-a127da32 gb-button-text\" href=\"tel:+33142504461\">+33 142 504 461<\/a>\n\n<\/div>\n<\/div>\n\n<div class=\"gb-container gb-container-07a15961\">\n<div class=\"gb-grid-wrapper gb-grid-wrapper-783052d5\">\n<div class=\"gb-grid-column gb-grid-column-8ce51a64\"><div class=\"gb-container gb-container-8ce51a64\"><\/div><\/div>\n\n<div class=\"gb-grid-column gb-grid-column-db95b66a\"><div class=\"gb-container gb-container-db95b66a\"><\/div><\/div>\n\n<div class=\"gb-grid-column gb-grid-column-d9823dfb\"><div class=\"gb-container gb-container-d9823dfb\"><\/div><\/div>\n\n<div class=\"gb-grid-column gb-grid-column-d7c9ffd2\"><div class=\"gb-container gb-container-d7c9ffd2\"><\/div><\/div>\n\n<div class=\"gb-grid-column gb-grid-column-ffae0371\"><div class=\"gb-container gb-container-ffae0371\"><\/div><\/div>\n\n<div class=\"gb-grid-column gb-grid-column-54eb2bc6\"><div class=\"gb-container gb-container-54eb2bc6\"><\/div><\/div>\n<\/div>\n<\/div>\n\n<div class=\"gb-container gb-container-784cfd3a\">\n<div class=\"gb-grid-wrapper gb-grid-wrapper-1e7d29ed\">\n<div class=\"gb-grid-column gb-grid-column-6b6974e4\"><div class=\"gb-container gb-container-6b6974e4\">\n\n<p class=\"gb-headline gb-headline-dfb34b32 gb-headline-text\">STARTERS<\/p>\n\n\n\n<p>Pistachio-Crusted Duck Terrine<\/p>\n\n\n\n<p class=\"gb-headline gb-headline-79e972fd gb-headline-text\">Sweet Onion Tarte Tatin with Parmesan Sauce<\/p>\n\n\n\n<p>Butternut Squash Soup, Walnut Cream<\/p>\n\n\n\n<p class=\"gb-headline gb-headline-0216385e gb-headline-text\">Scallop carpaccio<\/p>\n\n\n\n<p class=\"gb-headline gb-headline-a28460ab gb-headline-text\">Organic \u201cPerfect\u201d Egg with Fresh Herbs, Steamed Pencil Leeks<\/p>\n\n<\/div><\/div>\n\n<div class=\"gb-grid-column gb-grid-column-6acc9554\"><div class=\"gb-container gb-container-6acc9554\">\n\n<p class=\"gb-headline gb-headline-638d83ba gb-headline-text\">MAIN COURSE<\/p>\n\n\n<div class=\"gb-container gb-container-4ac5a5b1\"><\/div>\n\n\n<p class=\"gb-headline gb-headline-9e0c85ea gb-headline-text\">Supreme of roast chicken<\/p>\n\n\n\n<p class=\"gb-headline gb-headline-f2f2979a gb-headline-text\"><em>Mashed potatoes, short juice<\/em><\/p>\n\n\n\n<p class=\"gb-headline gb-headline-4476adf0 gb-headline-text\">Rib of beef for 2 people<\/p>\n\n\n\n<p class=\"gb-headline gb-headline-c2d88a46 gb-headline-text\"><em>Saut\u00e9ed potatoes<\/em> bearnaise sauce<br><strong>(Suppl + 15\u20ac\/pers)<\/strong><\/p>\n\n\n\n<p>Stingray with capers, Cauliflower<\/p>\n\n\n\n<p>Saut\u00e9ed scallops<\/p>\n\n\n\n<p class=\"gb-headline gb-headline-f038d53f gb-headline-text\"><\/p>\n\n\n\n<p>Veal Blanquette<\/p>\n\n\n\n<p><\/p>\n\n<\/div><\/div>\n\n<div class=\"gb-grid-column gb-grid-column-3ac11735\"><div class=\"gb-container gb-container-3ac11735\">\n\n<p class=\"gb-headline gb-headline-19739dc3 gb-headline-text\">DESSERTS<\/p>\n\n\n<div class=\"gb-container gb-container-c9e04a51\"><\/div>\n\n\n<p class=\"gb-headline gb-headline-5d611857 gb-headline-text\">Paris-Brest<\/p>\n\n\n\n<p class=\"gb-headline gb-headline-7b28eeaf gb-headline-text\"><em>Hazelnut praline<\/em><\/p>\n\n\n\n<p class=\"gb-headline gb-headline-131a8762 gb-headline-text\">Vanilla Chocolate Profiteroles (Gluten-free option available upon request)<\/p>\n\n\n\n<p class=\"gb-headline gb-headline-0fdae8bf gb-headline-text\">Mexican Dark Chocolate Souffl\u00e9 70%<\/p>\n\n\n\n<p class=\"gb-headline gb-headline-7051670f gb-headline-text\">Pavlova<\/p>\n\n\n\n<p class=\"gb-headline gb-headline-000b6bae gb-headline-text\"><\/p>\n\n\n\n<p class=\"gb-headline gb-headline-cb5421af gb-headline-text\">Selection of Aged Cheeses La Fromagerie de Passy<\/p>\n\n<\/div><\/div>\n<\/div>\n\n<div class=\"gb-container gb-container-8e3a6769\">\n\n<a class=\"gb-button gb-button-f73114bf gb-button-text\" href=\"https:\/\/restaurant-goulu.paris\/en\/contact\/\">BOOK ONLINE<\/a>\n\n<\/div>\n<\/div>\n<\/div>\n\n<div class=\"gb-grid-wrapper gb-grid-wrapper-d6ca2007\">\n<div class=\"gb-grid-column gb-grid-column-19c5d43f\"><div class=\"gb-container gb-container-19c5d43f\"><\/div><\/div>\n\n<div class=\"gb-grid-column gb-grid-column-5ba92971\"><div class=\"gb-container gb-container-5ba92971\">\n<div class=\"gb-container gb-container-0146ab59\">\n\n<h2 class=\"gb-headline gb-headline-1a7bbfca gb-headline-text\">HOMEMADE BISTRONOMIC<br>CUISINE BASED ON FRESH<br>AND LOCAL PRODUCTS<\/h2>\n\n\n<div class=\"gb-container gb-container-a5635077\"><\/div>\n\n\n<p class=\"gb-headline gb-headline-f73a5adf gb-headline-text\">At the heart of our culinary philosophy, the meticulous selection of fresh products is an absolute priority. Our chef is committed to offering you an exceptional bistronomic experience by choosing only the best. From eggs to vegetables, fish, shellfish and meat, each ingredient is carefully selected from local producers.<br><br>We favor a short circuit, establishing direct relationships with these passionate craftsmen, thus guaranteeing the freshness, quality and authentic taste of each product on your plate.<br><br>With us, transparency and respect for flavours are at the heart of our approach, to offer you an unforgettable culinary experience with every bite.<\/p>\n\n<\/div>\n<\/div><\/div>\n<\/div>\n\n<div class=\"gb-container gb-container-8bdf7eaf\">\n<div class=\"gb-container gb-container-34d11c9b\">\n<div class=\"gb-grid-wrapper gb-grid-wrapper-668ecf46\">\n<div class=\"gb-grid-column gb-grid-column-64c74b83\"><div class=\"gb-container gb-container-64c74b83\">\n\n<figure class=\"gb-block-image gb-block-image-1f7c5b42\"><img decoding=\"async\" width=\"453\" height=\"603\" class=\"gb-image gb-image-1f7c5b42\" src=\"https:\/\/restaurant-goulu.paris\/wp-content\/uploads\/2024\/03\/0S6A9894-Modifier.png\" alt=\"\" title=\"0S6A9894-Modifier\" srcset=\"https:\/\/restaurant-goulu.paris\/wp-content\/uploads\/2024\/03\/0S6A9894-Modifier.png 453w, https:\/\/restaurant-goulu.paris\/wp-content\/uploads\/2024\/03\/0S6A9894-Modifier-225x300.png 225w\" sizes=\"(max-width: 453px) 100vw, 453px\" \/><\/figure>\n\n<\/div><\/div>\n\n<div class=\"gb-grid-column gb-grid-column-cb700a86\"><div class=\"gb-container gb-container-cb700a86\">\n\n<h2 class=\"gb-headline gb-headline-1176a635 gb-headline-text\"><strong>GOULUE | BISTRONOMIC CUISINE<\/strong><br><strong>A GREAT TEAM<\/strong><\/h2>\n\n\n\n<p class=\"gb-headline gb-headline-02c6cfb1 gb-headline-text\">In the heart of the 15th arrondissement of Paris, discover the passionate team of the neighborhood restaurant \u00abGoulue\u00bb, led by chef J\u00e9r\u00f4me Penanhoat. With a meticulous and demanding experience acquired in prestigious Parisian establishments, Chef Penanhoat invites you to share his passion for French cuisine and the marriage of flavors in \u00abGoulue\u00bb, a must-see restaurant in Paris 15. Its expertise is revealed through dishes where each flavor is sublimated and each accompaniment mastered with finesse, thus offering an incomparable culinary experience.<\/p>\n\n\n\n<p class=\"gb-headline gb-headline-2a8dc934 gb-headline-text\">Accompanying the Chef, Betzhuara, the radiant room manager, embodies the warm and energetic soul of \u00abGoulue\u00bb. Always smiling and in a good mood, she ensures that each guest is welcomed with attention for an experience of relaxation and happiness. His passion for service and his knowledge of bistronomic dishes prepared by the Chef make each meal a memorable moment.<\/p>\n\n\n\n<p class=\"gb-headline gb-headline-55f57fcb gb-headline-text\">Together, this duo of shock invites you to a real taste journey with each bite. With fresh and seasonal products, they transform each dish into a symphony of flavors, awakening your taste buds to new sensations and offering you an exceptional bistronomic culinary experience with each visit to \u00abGoulue\u00bb.<\/p>\n\n\n\n<p class=\"gb-headline gb-headline-a9324f55 gb-headline-text\">Whether for a lunch with friends, a romantic dinner or a special celebration, the restaurant \u00abGoulue\u00bb promises an incomparable culinary experience, where emotion mingles with greed at every moment. Come live a gourmet parenthesis where passion for cooking and the pleasure of sharing combine to offer unforgettable taste memories.Whether for a special occasion or simply for the pleasure of savoring an authentic and refined cuisine, let yourself be seduced by the passionate team of \u00abGoulue\u00bb and let your senses transport you to a world of delights.<\/p>\n\n<\/div><\/div>\n<\/div>\n\n<div class=\"gb-grid-wrapper gb-grid-wrapper-dcf188b0\">\n<div class=\"gb-grid-column gb-grid-column-490b5ee8\"><div class=\"gb-container gb-container-490b5ee8\">\n\n<p class=\"gb-headline gb-headline-38367503 gb-headline-text\">AN ART DECO SETTING <br>FOR A COSY PARIS <br>RESTAURANT<\/p>\n\n<\/div><\/div>\n\n<div class=\"gb-grid-column gb-grid-column-61c49a2d\"><div class=\"gb-container gb-container-61c49a2d\">\n\n<p class=\"gb-headline gb-headline-2de36649 gb-headline-text\">Une atmosph\u00e8re \u00e9l\u00e9gante et intemporelle Chez Goulue, <a href=\"https:\/\/restaurant-goulu.paris\/en\/restaurant-paris-15\/\" data-type=\"page\" data-id=\"766\">restaurant paris 15<\/a>, o\u00f9 l\u2019Art D\u00e9co rencontre le raffinement contemporain. Chaque d\u00e9tail de la d\u00e9coration a \u00e9t\u00e9 soigneusement pens\u00e9 pour cr\u00e9er une ambiance feutr\u00e9e et intimiste. Des couleurs sereines et apaisantes vous accueillent, vous invitant \u00e0 vous d\u00e9tendre dans un cadre confortable o\u00f9 le temps semble suspendu.<\/p>\n\n<\/div><\/div>\n<\/div>\n<\/div>\n<\/div>\n\n<div class=\"gb-container gb-container-4afc4b23\">\n<div class=\"gb-grid-wrapper gb-grid-wrapper-c68a0c72\">\n<div class=\"gb-grid-column gb-grid-column-adfcf688\"><div class=\"gb-container gb-container-adfcf688\"><\/div><\/div>\n\n<div class=\"gb-grid-column gb-grid-column-6714e2f6\"><div class=\"gb-container gb-container-6714e2f6\">\n<div class=\"gb-container gb-container-65aed8d8\">\n\n<h2 class=\"gb-headline gb-headline-a0888778 gb-headline-text\">For business\u2019 gourmets<br><strong>ORDER &amp; TAKE AWAY<\/strong><br>your bistronomic menu<\/h2>\n\n\n<div class=\"gb-container gb-container-0e5ad91a\"><\/div>\n\n\n<p class=\"gb-headline gb-headline-3ddbd8b5 gb-headline-text\">For your business lunches, meetings or simply a meal with your colleague at the office, we suggest you order your bistronomic menu in the morning and pick it up at the restaurant for lunch.<br>Ideal for all offices in the 15th arrondissement of Paris and bordering<\/p>\n\n\n\n<a class=\"gb-button gb-button-e605418c gb-button-text\" href=\"tel:+33142504461\">+33 142 504 461<\/a>\n\n<\/div>\n<\/div><\/div>\n<\/div>\n<\/div>","protected":false},"excerpt":{"rendered":"<p>GOULUE | RESTAURANT CHIC PARIS CUISINE BISTRONOMIQUE PARIS 15\u00c8ME ARRONDISSEMENT D\u00c9COUVREZ LA PASSION CULINAIRE D\u2019UN CHEF !<\/p>","protected":false},"author":3,"featured_media":0,"parent":0,"menu_order":0,"comment_status":"closed","ping_status":"closed","template":"","meta":{"_seopress_robots_primary_cat":"","_seopress_titles_title":"","_seopress_titles_desc":"","_seopress_robots_index":"","inline_featured_image":false,"footnotes":""},"a3w-page-category":[9],"class_list":{"0":"post-121","1":"page","2":"type-page","3":"status-publish","5":"a3w-page-category-pages-avec-entete-fusionne","6":"no-featured-image-padding"},"_links":{"self":[{"href":"https:\/\/restaurant-goulu.paris\/en\/wp-json\/wp\/v2\/pages\/121","targetHints":{"allow":["GET"]}}],"collection":[{"href":"https:\/\/restaurant-goulu.paris\/en\/wp-json\/wp\/v2\/pages"}],"about":[{"href":"https:\/\/restaurant-goulu.paris\/en\/wp-json\/wp\/v2\/types\/page"}],"author":[{"embeddable":true,"href":"https:\/\/restaurant-goulu.paris\/en\/wp-json\/wp\/v2\/users\/3"}],"replies":[{"embeddable":true,"href":"https:\/\/restaurant-goulu.paris\/en\/wp-json\/wp\/v2\/comments?post=121"}],"version-history":[{"count":3,"href":"https:\/\/restaurant-goulu.paris\/en\/wp-json\/wp\/v2\/pages\/121\/revisions"}],"predecessor-version":[{"id":768,"href":"https:\/\/restaurant-goulu.paris\/en\/wp-json\/wp\/v2\/pages\/121\/revisions\/768"}],"wp:attachment":[{"href":"https:\/\/restaurant-goulu.paris\/en\/wp-json\/wp\/v2\/media?parent=121"}],"wp:term":[{"taxonomy":"a3w-page-category","embeddable":true,"href":"https:\/\/restaurant-goulu.paris\/en\/wp-json\/wp\/v2\/a3w-page-category?post=121"}],"curies":[{"name":"wp","href":"https:\/\/api.w.org\/{rel}","templated":true}]}}