{"id":123,"date":"2024-02-21T09:35:30","date_gmt":"2024-02-21T08:35:30","guid":{"rendered":"https:\/\/restaurant-goulu.paris\/?page_id=123"},"modified":"2024-08-21T16:20:30","modified_gmt":"2024-08-21T14:20:30","slug":"saveurs-du-monde","status":"publish","type":"page","link":"https:\/\/restaurant-goulu.paris\/en\/saveurs-du-monde\/","title":{"rendered":"Flavours of the world"},"content":{"rendered":"<div class=\"gb-container gb-container-09751ee6\">\n<div class=\"gb-container gb-container-d004b08f\">\n\n<h1 class=\"gb-headline gb-headline-a1243d28 gb-headline-text\"><strong>GOULUE | FLAVOURS OF THE WORLD <br>ORIGINAL CONCEPT RESTAURANT<\/strong><\/h1>\n\n\n\n<a class=\"gb-button gb-button-459d875b gb-button-text\" href=\"https:\/\/restaurant-goulu.paris\/en\/contact\/\">BOOKING<\/a>\n\n\n\n<h2 class=\"gb-headline gb-headline-23eed895\"><span class=\"gb-icon\"><svg aria-hidden=\"true\" role=\"img\" height=\"1em\" width=\"1em\" viewbox=\"0 0 448 512\" xmlns=\"http:\/\/www.w3.org\/2000\/svg\"><path fill=\"currentColor\" d=\"M207.029 381.476L12.686 187.132c-9.373-9.373-9.373-24.569 0-33.941l22.667-22.667c9.357-9.357 24.522-9.375 33.901-.04L224 284.505l154.745-154.021c9.379-9.335 24.544-9.317 33.901.04l22.667 22.667c9.373 9.373 9.373 24.569 0 33.941L240.971 381.476c-9.373 9.372-24.569 9.372-33.942 0z\"><\/path><\/svg><\/span><\/h2>\n\n<\/div>\n<\/div>\n\n<div class=\"gb-container gb-container-ff02e896\">\n<div class=\"gb-container gb-container-bfff35de\">\n\n<h2 class=\"gb-headline gb-headline-98707b80 gb-headline-text\"><strong>PARIS 15TH ARRONDISSEMENT<\/strong><\/h2>\n\n\n\n<h2 class=\"gb-headline gb-headline-2a839381 gb-headline-text\">DISCOVER A NEW CUISINE MIXING THE DIFFERENT FLAVORS OF THE WORLD AND <br>EMBLEMATIC DISHES REVISITED BY OUR BISTRONOMIC CHEF !<\/h2>\n\n<\/div>\n<\/div>\n\n<div class=\"gb-container gb-container-d9b0e4cd\">\n<div class=\"gb-container gb-container-574464c8\">\n<div class=\"gb-grid-wrapper gb-grid-wrapper-d813aec0\">\n<div class=\"gb-grid-column gb-grid-column-1f44af3a\"><div class=\"gb-container gb-container-1f44af3a\">\n<div class=\"gb-container gb-container-dc248f60\">\n\n<p class=\"gb-headline gb-headline-5487f2a7 gb-headline-text\">RENDEZ-VOUS EN CORSE<\/p>\n\n\n<div class=\"gb-container gb-container-6c5aedf9\"><\/div>\n\n<div class=\"gb-container gb-container-bbc33281\">\n\n<p class=\"gb-headline gb-headline-873079c6 gb-headline-text\">Le jeudi 7 mars 2024<\/p>\n\n\n\n<p class=\"gb-headline gb-headline-f602fcd7 gb-headline-text\">Le soir uniquement<\/p>\n\n<\/div>\n<\/div>\n\n\n<figure class=\"gb-block-image gb-block-image-899e4bb4\"><img decoding=\"async\" width=\"390\" height=\"305\" class=\"gb-image gb-image-899e4bb4\" src=\"https:\/\/restaurant-goulu.paris\/wp-content\/uploads\/2024\/03\/Groupe-158.png\" alt=\"\" title=\"Groupe-158\" srcset=\"https:\/\/restaurant-goulu.paris\/wp-content\/uploads\/2024\/03\/Groupe-158.png 390w, https:\/\/restaurant-goulu.paris\/wp-content\/uploads\/2024\/03\/Groupe-158-300x235.png 300w\" sizes=\"(max-width: 390px) 100vw, 390px\" \/><\/figure>\n\n\n<div class=\"gb-container gb-container-a115bbc6\">\n\n<a class=\"gb-button gb-button-346445fe gb-button-text\" href=\"https:\/\/restaurant-goulu.paris\/en\/contact\/\">JE RESERVE !<\/a>\n\n<\/div>\n<\/div><\/div>\n\n<div class=\"gb-grid-column gb-grid-column-bbf0226d\"><div class=\"gb-container gb-container-bbf0226d\">\n<div class=\"gb-container gb-container-597d6c44\">\n\n<p class=\"gb-headline gb-headline-23952c29 gb-headline-text\">RENDEZ-VOUS AU MEXIQUE<\/p>\n\n\n<div class=\"gb-container gb-container-797b47de\"><\/div>\n\n<div class=\"gb-container gb-container-61a6fdf0\">\n\n<p class=\"gb-headline gb-headline-6219218e gb-headline-text\">Le jeudi 4 Avril 2024<\/p>\n\n\n\n<p class=\"gb-headline gb-headline-36921573 gb-headline-text\">Le soir uniquement<\/p>\n\n<\/div>\n<\/div>\n\n\n<figure class=\"gb-block-image gb-block-image-706e57b4\"><img decoding=\"async\" width=\"390\" height=\"305\" class=\"gb-image gb-image-706e57b4\" src=\"https:\/\/restaurant-goulu.paris\/wp-content\/uploads\/2024\/03\/Groupe-157-1.png\" alt=\"\" title=\"Groupe-157-1\" srcset=\"https:\/\/restaurant-goulu.paris\/wp-content\/uploads\/2024\/03\/Groupe-157-1.png 390w, https:\/\/restaurant-goulu.paris\/wp-content\/uploads\/2024\/03\/Groupe-157-1-300x235.png 300w\" sizes=\"(max-width: 390px) 100vw, 390px\" \/><\/figure>\n\n\n<div class=\"gb-container gb-container-21d241ed\">\n\n<a class=\"gb-button gb-button-fe45d0d0 gb-button-text\" href=\"https:\/\/restaurant-goulu.paris\/en\/contact\/\">JE RESERVE !<\/a>\n\n<\/div>\n<\/div><\/div>\n\n<div class=\"gb-grid-column gb-grid-column-6449fd61\"><div class=\"gb-container gb-container-6449fd61\">\n<div class=\"gb-container gb-container-04323a20\">\n\n<p class=\"gb-headline gb-headline-4558e0bd gb-headline-text\">PROCHAIN RENDEZ-VOUS <\/p>\n\n\n<div class=\"gb-container gb-container-b3ea03a5\"><\/div>\n\n<div class=\"gb-container gb-container-7b692163\">\n\n<p class=\"gb-headline gb-headline-1362e58e gb-headline-text\">Le jeudi 6 Juin 2024<\/p>\n\n\n\n<p class=\"gb-headline gb-headline-8ac05f2f gb-headline-text\">Le soir uniquement<\/p>\n\n<\/div>\n<\/div>\n\n\n<figure class=\"gb-block-image gb-block-image-2aea3f7c\"><img decoding=\"async\" width=\"390\" height=\"305\" class=\"gb-image gb-image-2aea3f7c\" src=\"https:\/\/restaurant-goulu.paris\/wp-content\/uploads\/2024\/03\/Groupe-188.png\" alt=\"\" title=\"Groupe 188\" srcset=\"https:\/\/restaurant-goulu.paris\/wp-content\/uploads\/2024\/03\/Groupe-188.png 390w, https:\/\/restaurant-goulu.paris\/wp-content\/uploads\/2024\/03\/Groupe-188-300x235.png 300w\" sizes=\"(max-width: 390px) 100vw, 390px\" \/><\/figure>\n\n\n<div class=\"gb-container gb-container-fa7cd86a\">\n\n<a class=\"gb-button gb-button-98e43119 gb-button-text\" href=\"https:\/\/restaurant-goulu.paris\/en\/contact\/\">JE RESERVE !<\/a>\n\n<\/div>\n<\/div><\/div>\n\n<div class=\"gb-grid-column gb-grid-column-9e2a322d\"><div class=\"gb-container gb-container-9e2a322d\">\n<div class=\"gb-container gb-container-889d7895\">\n\n<p class=\"gb-headline gb-headline-c862d0d4 gb-headline-text\">PROCHAINE RENDEZ-VOUS<\/p>\n\n\n<div class=\"gb-container gb-container-37b70442\"><\/div>\n\n<div class=\"gb-container gb-container-f3358f51\">\n\n<p class=\"gb-headline gb-headline-99d5adda gb-headline-text\">Le jeudi 4 Juillet 2024<\/p>\n\n\n\n<p class=\"gb-headline gb-headline-1b5ec3b4 gb-headline-text\">Le soir uniquement<\/p>\n\n<\/div>\n<\/div>\n\n\n<figure class=\"gb-block-image gb-block-image-57183505\"><img decoding=\"async\" width=\"390\" height=\"305\" class=\"gb-image gb-image-57183505\" src=\"https:\/\/restaurant-goulu.paris\/wp-content\/uploads\/2024\/03\/Groupe-189.png\" alt=\"\" title=\"Groupe 189\" srcset=\"https:\/\/restaurant-goulu.paris\/wp-content\/uploads\/2024\/03\/Groupe-189.png 390w, https:\/\/restaurant-goulu.paris\/wp-content\/uploads\/2024\/03\/Groupe-189-300x235.png 300w\" sizes=\"(max-width: 390px) 100vw, 390px\" \/><\/figure>\n\n\n<div class=\"gb-container gb-container-c79641b7\">\n\n<a class=\"gb-button gb-button-a9a48448 gb-button-text\" href=\"https:\/\/restaurant-goulu.paris\/en\/contact\/\">JE RESERVE !<\/a>\n\n<\/div>\n<\/div><\/div>\n<\/div>\n<\/div>\n<\/div>\n\n<div class=\"gb-container gb-container-f64181c1\">\n<div class=\"gb-container gb-container-779d84a6\">\n<div class=\"gb-grid-wrapper gb-grid-wrapper-1cdbd37d\">\n<div class=\"gb-grid-column gb-grid-column-9e7194ba\"><div class=\"gb-container gb-container-9e7194ba\">\n\n<figure class=\"gb-block-image gb-block-image-0dbb9cf7\"><img decoding=\"async\" width=\"453\" height=\"556\" class=\"gb-image gb-image-0dbb9cf7\" src=\"https:\/\/restaurant-goulu.paris\/wp-content\/uploads\/2024\/03\/0S6A9788.png\" alt=\"\" title=\"0S6A9788\" srcset=\"https:\/\/restaurant-goulu.paris\/wp-content\/uploads\/2024\/03\/0S6A9788.png 453w, https:\/\/restaurant-goulu.paris\/wp-content\/uploads\/2024\/03\/0S6A9788-244x300.png 244w\" sizes=\"(max-width: 453px) 100vw, 453px\" \/><\/figure>\n\n<\/div><\/div>\n\n<div class=\"gb-grid-column gb-grid-column-167196cb\"><div class=\"gb-container gb-container-167196cb\">\n\n<h2 class=\"gb-headline gb-headline-1145f713 gb-headline-text\"><strong>BISTRONOMIC CUISINE: THE FLAVOURS OF THE  WORLD<\/strong><\/h2>\n\n\n\n<p class=\"gb-headline gb-headline-ab9f27a2 gb-headline-text\">Every first Thursday of the month, the bistronomic restaurant \u00abGoulue\u00bb, nestled in the 15th arrondissement of Paris, invites you to an unforgettable culinary journey with the \u00abRendez-vous Saveurs du Monde du Chef\u00bb.<\/p>\n\n\n<div class=\"gb-container gb-container-90f3c37a\"><\/div>\n\n\n<p class=\"gb-headline gb-headline-99b7a0df gb-headline-text\">Initiated by the establishment\u2019s talented chef: J\u00e9r\u00f4me Penanhoat, these monthly events invite you to explore the exquisite flavors of the world\u2019s cuisines, revisited with a unique bistronomic touch. During these special evenings, the chef and his team offer an exclusive Tasting Menu highlighting the emblematic dishes of a country or region. Each recipe is reinterpreted with passion and creativity, offering an authentic and refined taste experience.<\/p>\n\n\n\n<p class=\"gb-headline gb-headline-e08b780e gb-headline-text\">Des m\u00e9langes audacieux de saveurs, des associations subtiles d\u2019ingr\u00e9dients de qualit\u00e9, et une pr\u00e9sentation artistique font de chaque plat une v\u00e9ritable \u0153uvre d\u2019art culinaire. Que vous soyez un amateur de cuisine internationale ou simplement curieux de d\u00e9couvrir de nouvelles saveurs, ces Rendez-vous Saveurs du Monde sont une occasion parfaite pour \u00e9veiller vos papilles et nourrir votre esprit d\u2019aventure gastronomique au coeur de notre <strong><a href=\"https:\/\/restaurant-goulu.paris\/en\/bistrot-chic-paris-15\/\" data-type=\"page\" data-id=\"769\">bistrot chic paris 15<\/a><\/strong>.<\/p>\n\n\n\n<p class=\"gb-headline gb-headline-8c7e6c99 gb-headline-text\">To ensure a personalized and intimate experience, places are limited and booking is recommended. Do not miss the opportunity to feast and travel through the flavors of the world in an elegant and friendly setting at the restaurant \u00abGoulue\u00bb.<\/p>\n\n<\/div><\/div>\n<\/div>\n<\/div>\n<\/div>","protected":false},"excerpt":{"rendered":"<p>GOULUE | RDV SAVEURS DU MONDE RESTAURANT CONCEPT ORIGINAL PARIS 15\u00c8ME ARRONDISSEMENT D\u00c9COUVREZ UNE NOUVELLE CUISINE M\u00caLANT LES DIFF\u00c9RENTES SAVEURS DU MONDE ET PLATS EMBL\u00c9MATIQUES REVISIT\u00c9S PAR NOTRE CHEF BISTRONOMIQUE !<\/p>","protected":false},"author":3,"featured_media":0,"parent":0,"menu_order":0,"comment_status":"closed","ping_status":"closed","template":"","meta":{"_seopress_robots_primary_cat":"","_seopress_titles_title":"","_seopress_titles_desc":"","_seopress_robots_index":"","inline_featured_image":false,"footnotes":""},"a3w-page-category":[9],"class_list":{"0":"post-123","1":"page","2":"type-page","3":"status-publish","5":"a3w-page-category-pages-avec-entete-fusionne","6":"no-featured-image-padding"},"_links":{"self":[{"href":"https:\/\/restaurant-goulu.paris\/en\/wp-json\/wp\/v2\/pages\/123","targetHints":{"allow":["GET"]}}],"collection":[{"href":"https:\/\/restaurant-goulu.paris\/en\/wp-json\/wp\/v2\/pages"}],"about":[{"href":"https:\/\/restaurant-goulu.paris\/en\/wp-json\/wp\/v2\/types\/page"}],"author":[{"embeddable":true,"href":"https:\/\/restaurant-goulu.paris\/en\/wp-json\/wp\/v2\/users\/3"}],"replies":[{"embeddable":true,"href":"https:\/\/restaurant-goulu.paris\/en\/wp-json\/wp\/v2\/comments?post=123"}],"version-history":[{"count":3,"href":"https:\/\/restaurant-goulu.paris\/en\/wp-json\/wp\/v2\/pages\/123\/revisions"}],"predecessor-version":[{"id":771,"href":"https:\/\/restaurant-goulu.paris\/en\/wp-json\/wp\/v2\/pages\/123\/revisions\/771"}],"wp:attachment":[{"href":"https:\/\/restaurant-goulu.paris\/en\/wp-json\/wp\/v2\/media?parent=123"}],"wp:term":[{"taxonomy":"a3w-page-category","embeddable":true,"href":"https:\/\/restaurant-goulu.paris\/en\/wp-json\/wp\/v2\/a3w-page-category?post=123"}],"curies":[{"name":"wp","href":"https:\/\/api.w.org\/{rel}","templated":true}]}}