{"id":19,"date":"2022-12-03T16:43:19","date_gmt":"2022-12-03T15:43:19","guid":{"rendered":"https:\/\/restaurant-goulu.paris\/?page_id=19"},"modified":"2024-03-21T15:02:02","modified_gmt":"2024-03-21T14:02:02","slug":"legal-information-cgu","status":"publish","type":"page","link":"https:\/\/restaurant-goulu.paris\/en\/informations-legales-cgu\/","title":{"rendered":"Informations l\u00e9gales &amp; CGU"},"content":{"rendered":"<div class=\"gb-container gb-container-05c7f2c2\">\n<div class=\"gb-container gb-container-29111ab8\">\n\n<h2 class=\"wp-block-heading\" id=\"mentions-legales\">Legal Notice<\/h2>\n\n\n\n<h3 class=\"wp-block-heading\" id=\"propri\u00e9taire\">Owner &amp; Publisher<\/h3>\n\n\n\n<p><strong>LA PTITE RIGOLE<\/strong> ( Restaurant Goulu(e) )<br>Brenda PENANHOAT<br>33 rue Georges Pitard, 75015 Paris<br>SARL with capital of \u20ac20,000<br>SIRET: 84167098700038<br>RCS: Paris B 841 670 987<br>VAT : FR56841670987<\/p>\n\n\n\n<p>Tel.: 01 42 50 44 61<br>E-mail : <a href=\"https:\/\/restaurant-goulu.paris\/en\/contact\/\" data-type=\"page\" data-id=\"107\">send an email<\/a><\/p>\n\n\n\n<h3 class=\"wp-block-heading\" id=\"responsable\">Responsible for publication<\/h3>\n\n\n\n<p><strong>J\u00e9r\u00f4me PENANHOAT<br><\/strong>Tel.: 01 42 50 44 61<\/p>\n\n\n\n<h3 class=\"wp-block-heading\" id=\"hebergeur\">Host<\/h3>\n\n\n\n<p><strong>O2SWITCH<\/strong><br>222-224 Boulevard Gustave Flaubert,<br>63000 Clermont-Ferrand, FRANCE<\/p>\n\n\n\n<p>Tel.: 04 44 44 60 40<br>E-mail: support@o2switch.fr<br>Web :&nbsp;<a rel=\"noreferrer noopener\" href=\"https:\/\/www.o2switch.fr\/\" target=\"_blank\">www.o2switch.fr<\/a><\/p>\n\n\n\n<h3 class=\"wp-block-heading\" id=\"creation\">Creator and Webmaster<\/h3>\n\n\n\n<p><strong>WP KREA<\/strong><br>White label WordPress web agency<\/p>\n\n\n\n<p>Tel.: 06 59 83 83 49<br>E-mail: contact@wpkrea.fr<br>Web :&nbsp;<a rel=\"noreferrer noopener\" href=\"https:\/\/wpkrea.fr\" target=\"_blank\">wpkrea.fr<\/a><\/p>\n\n\n\n<p><strong>Agent 3W<\/strong><br>Web developer specialising in WordPress<\/p>\n\n\n\n<p>Tel: 06 29 58 49 23<br>E-mail: bonjour@agent3w.com<br>Web :&nbsp;<a rel=\"noreferrer noopener\" href=\"https:\/\/agent3w.com\" target=\"_blank\">agent3w.com<\/a><\/p>\n\n\n\n<div style=\"height:100px\" aria-hidden=\"true\" class=\"wp-block-spacer\"><\/div>\n\n\n\n<h2 class=\"wp-block-heading\" id=\"cgu\">General Terms and Conditions of Use (GTCU)<\/h2>\n\n\n\n<h3 class=\"wp-block-heading\" id=\"cgu-objet\">Object<\/h3>\n\n\n\n<p>The purpose of these \"general terms and conditions of use\" is to provide a legal framework for the use of the site.&nbsp;<strong>Restaurant Goulu(e) Paris<\/strong>&nbsp;and its services.<br>This contract is concluded between :<\/p>\n\n\n\n<ul class=\"wp-block-list\">\n<li>The manager of the website, hereinafter referred to as \"&nbsp;<strong>the Publisher<\/strong>&nbsp;\",<\/li>\n\n\n\n<li>Any natural person or legal entity wishing to access the site and its services, hereinafter referred to as the \"user\", may do so at any time.&nbsp;<strong>the User<\/strong>&nbsp;\".<\/li>\n<\/ul>\n\n\n\n<p>The general conditions of use must be accepted by all Users, and access to the site implies acceptance of these conditions.<\/p>\n\n\n\n<h3 class=\"wp-block-heading\" id=\"cgu-acces\">Access to services<\/h3>\n\n\n\n<p>The user of the site&nbsp;<strong>Restaurant Goulu(e) Paris<\/strong>&nbsp;can browse all the pages of the site available without logging in. Users can send information using the contact forms available.<br>Access to site administration is reserved for the Publisher and its authorised subcontractors, protected by an authentication system.<\/p>\n\n\n\n<p>Any User with Internet access may access the Site free of charge from anywhere. The Publisher shall not be liable for any costs incurred by the User in accessing the site (internet connection, computer equipment, etc.).<\/p>\n\n\n\n<p>The Website and its various services may be interrupted or suspended by the Publisher, in particular for maintenance purposes, without any obligation to give prior notice or justification.<\/p>\n\n\n\n<h3 class=\"wp-block-heading\" id=\"cgu-utilisateur\">Responsibilities of the User<\/h3>\n\n\n\n<p>Users are responsible for the risks associated with the use of their login and password.<\/p>\n\n\n\n<p>The User's password must remain secret. In the event of disclosure of the password, the Publisher declines all responsibility.<\/p>\n\n\n\n<p>Users assume full responsibility for their use of the information and content available on the site.&nbsp;<strong>Restaurant Goulu(e) Paris<\/strong>.<\/p>\n\n\n\n<p>Any use of the service by the User resulting directly or indirectly in damage must be compensated by the site.<\/p>\n\n\n\n<p>Where the User is able to publish visible content on the site (news, pages, comments, etc.), the User undertakes to use language that is respectful of others and of the law and accepts that such publications may be moderated or rejected by the Publisher, without any obligation to justify their actions.<\/p>\n\n\n\n<p>By publishing on the site, the User grants the publishing company the non-exclusive and free right to represent, reproduce, adapt, modify, broadcast and distribute his\/her publication, directly or through an authorised third party.<\/p>\n\n\n\n<h3 class=\"wp-block-heading\" id=\"cdg-editeur\">Responsibilities of the Publisher<\/h3>\n\n\n\n<p>The Publisher cannot be held liable for any server or network malfunction.<\/p>\n\n\n\n<p>Similarly, the site cannot be held liable in the event of force majeure or the unforeseeable and insurmountable act of a third party.<\/p>\n\n\n\n<p>The website&nbsp;<strong>Restaurant Goulu(e) Paris<\/strong>&nbsp;undertakes to use all necessary means to guarantee the security and confidentiality of data. However, it does not guarantee total security.<\/p>\n\n\n\n<p>The Editor reserves the right not to guarantee the reliability of the sources, although the information published on the site is deemed reliable.<\/p>\n\n\n\n<h3 class=\"wp-block-heading\" id=\"cgu-propriete\">Intellectual property<\/h3>\n\n\n\n<p>Site content&nbsp;<strong>Restaurant Goulu(e) Paris<\/strong>&nbsp;(logos, texts, graphics, videos, etc.) are protected by copyright under the French Intellectual Property Code.<\/p>\n\n\n\n<p>The User must obtain the site editor's authorisation before reproducing, copying or publishing any of this content.<\/p>\n\n\n\n<p>These may be used by users for private purposes; any commercial use is prohibited.<\/p>\n\n\n\n<p>Users are entirely responsible for any content they post online and undertake not to harm any third party.<\/p>\n\n\n\n<p>The Site Editor reserves the right to moderate or delete content posted online by Users at any time and without justification.<\/p>\n\n\n\n<h3 class=\"wp-block-heading\" id=\"cgu-donnees-personnelles\">Personal data, cookies and hypertext links.<\/h3>\n\n\n\n<p>Please consult our&nbsp;<a href=\"https:\/\/restaurant-goulu.paris\/en\/privacy-policy\/\" data-type=\"page\" data-id=\"3\">data protection policy<\/a>&nbsp;concerning personal data and hypertext links.<\/p>\n\n\n\n<p>Please consult our&nbsp;<a href=\"https:\/\/restaurant-goulu.paris\/en\/cookies-policy\/\" data-type=\"page\" data-id=\"18\">cookies policy<\/a>&nbsp;for all matters relating to cookies.<br>Cookies are small files stored by websites in your browser. They enable data to be stored, some of which is used to identify you as a user of the site (without any personal data). These files can be consulted by any website on which you are browsing. You can consult them in your browser, modify them and delete them. You can also set your browser to refuse certain cookies, in particular those linked to tracking your activity on websites. Please consult your browser settings and documentation if necessary.<\/p>\n\n\n\n<h3 class=\"wp-block-heading\" id=\"cgu-evolution\">Changes to the general terms and conditions of use<\/h3>\n\n\n\n<p>The website&nbsp;<strong>Restaurant Goulu(e) Paris<\/strong>&nbsp;reserves the right to modify the clauses of these general terms and conditions of use at any time and without justification.<\/p>\n\n\n\n<h3 class=\"wp-block-heading\" id=\"cgu-duree\">Contract duration<\/h3>\n\n\n\n<p>The duration of this contract is indefinite. The contract takes effect with regard to the User from the start of use of the service.<\/p>\n\n\n\n<h3 class=\"wp-block-heading\" id=\"cgu-droit\">Applicable law<\/h3>\n\n\n\n<p>This contract is governed by French law.<br>In the event of a dispute between the User and the Publisher that cannot be resolved amicably, the French courts shall have jurisdiction to settle the dispute.<\/p>\n\n<\/div>\n<\/div>","protected":false},"excerpt":{"rendered":"<p>Mentions l\u00e9gales Propri\u00e9taire &amp; \u00c9diteur LA PTITE RIGOLE ( Restaurant Goulu(e) )Brenda PENANHOAT33 rue Georges Pitard, 75015 ParisSARL au capital de 20 000 eurosSIRET : 84167098700038RCS : Paris B 841 670 987TVA : FR56841670987 T\u00e9l : 01 42 50 44 61E-mail : envoyer un email Responsable de publication J\u00e9r\u00f4me PENANHOATT\u00e9l : 01 42 50 44 &#8230; <a title=\"Informations l\u00e9gales &amp; CGU\" class=\"read-more\" href=\"https:\/\/restaurant-goulu.paris\/en\/informations-legales-cgu\/\" aria-label=\"Read more about Informations l\u00e9gales &amp; CGU\">Lire plus<\/a><\/p>","protected":false},"author":1,"featured_media":0,"parent":0,"menu_order":0,"comment_status":"closed","ping_status":"closed","template":"","meta":{"_seopress_robots_primary_cat":"","_seopress_titles_title":"","_seopress_titles_desc":"","_seopress_robots_index":"","inline_featured_image":false,"footnotes":""},"a3w-page-category":[],"class_list":{"0":"post-19","1":"page","2":"type-page","3":"status-publish","5":"no-featured-image-padding"},"_links":{"self":[{"href":"https:\/\/restaurant-goulu.paris\/en\/wp-json\/wp\/v2\/pages\/19","targetHints":{"allow":["GET"]}}],"collection":[{"href":"https:\/\/restaurant-goulu.paris\/en\/wp-json\/wp\/v2\/pages"}],"about":[{"href":"https:\/\/restaurant-goulu.paris\/en\/wp-json\/wp\/v2\/types\/page"}],"author":[{"embeddable":true,"href":"https:\/\/restaurant-goulu.paris\/en\/wp-json\/wp\/v2\/users\/1"}],"replies":[{"embeddable":true,"href":"https:\/\/restaurant-goulu.paris\/en\/wp-json\/wp\/v2\/comments?post=19"}],"version-history":[{"count":3,"href":"https:\/\/restaurant-goulu.paris\/en\/wp-json\/wp\/v2\/pages\/19\/revisions"}],"predecessor-version":[{"id":652,"href":"https:\/\/restaurant-goulu.paris\/en\/wp-json\/wp\/v2\/pages\/19\/revisions\/652"}],"wp:attachment":[{"href":"https:\/\/restaurant-goulu.paris\/en\/wp-json\/wp\/v2\/media?parent=19"}],"wp:term":[{"taxonomy":"a3w-page-category","embeddable":true,"href":"https:\/\/restaurant-goulu.paris\/en\/wp-json\/wp\/v2\/a3w-page-category?post=19"}],"curies":[{"name":"wp","href":"https:\/\/api.w.org\/{rel}","templated":true}]}}