{"id":107,"date":"2024-02-20T11:38:57","date_gmt":"2024-02-20T10:38:57","guid":{"rendered":"https:\/\/restaurant-goulu.paris\/?page_id=107"},"modified":"2025-03-04T11:50:35","modified_gmt":"2025-03-04T10:50:35","slug":"contact","status":"publish","type":"page","link":"https:\/\/restaurant-goulu.paris\/fr\/contact\/","title":{"rendered":"Contact"},"content":{"rendered":"<div class=\"gb-container gb-container-d4b6b5fb\"><\/div>\n\n<div class=\"gb-container gb-container-09819fc6\">\n<div class=\"gb-container gb-container-ad10b62f\">\n<div class=\"gb-container gb-container-7c154ecf\">\n\n<h2 class=\"gb-headline gb-headline-6bd8a5ef gb-headline-text\">R\u00e9servation en ligne<\/h2>\n\n\n<div class=\"gb-container gb-container-630ed379\">\n\n<iframe width=\"100%\" height=\"700px\" src=\"https:\/\/booking.ureserve.co\/shop\/external-booking\/goulu?iframe=true\"><\/iframe>\n\n<\/div>\n<\/div>\n<\/div>\n\n<div class=\"gb-container gb-container-6e5d8ec4\">\n\n<figure class=\"wp-block-image size-full\"><a href=\"https:\/\/restaurant-goulu.secretbox.fr\" target=\"_blank\" rel=\" noreferrer noopener\"><img decoding=\"async\" width=\"1620\" height=\"583\" src=\"https:\/\/restaurant-goulu.paris\/wp-content\/uploads\/2025\/03\/IMG-SECRET-BOX.png\" alt=\"\" class=\"wp-image-888\" srcset=\"https:\/\/restaurant-goulu.paris\/wp-content\/uploads\/2025\/03\/IMG-SECRET-BOX.png 1620w, https:\/\/restaurant-goulu.paris\/wp-content\/uploads\/2025\/03\/IMG-SECRET-BOX-300x108.png 300w, https:\/\/restaurant-goulu.paris\/wp-content\/uploads\/2025\/03\/IMG-SECRET-BOX-1024x369.png 1024w, https:\/\/restaurant-goulu.paris\/wp-content\/uploads\/2025\/03\/IMG-SECRET-BOX-768x276.png 768w, https:\/\/restaurant-goulu.paris\/wp-content\/uploads\/2025\/03\/IMG-SECRET-BOX-1536x553.png 1536w, https:\/\/restaurant-goulu.paris\/wp-content\/uploads\/2025\/03\/IMG-SECRET-BOX-18x6.png 18w\" sizes=\"(max-width: 1620px) 100vw, 1620px\" \/><\/a><\/figure>\n\n<\/div>\n\n<div class=\"gb-container gb-container-f8a85623\">\n<div class=\"gb-grid-wrapper gb-grid-wrapper-46bf4c9d\">\n<div class=\"gb-grid-column gb-grid-column-3766ba65\"><div class=\"gb-container gb-container-3766ba65\">\n<div class=\"gb-container gb-container-408d13d5\">\n<div class=\"gb-container gb-container-e5cf15c7\">\n\n<figure class=\"gb-block-image gb-block-image-b233d650\"><a href=\"https:\/\/restaurant-goulu.paris\/\"><img decoding=\"async\" width=\"258\" height=\"93\" class=\"gb-image gb-image-b233d650\" src=\"https:\/\/restaurant-goulu.paris\/wp-content\/uploads\/2024\/02\/logo-bas-de-page-restaurant-goulue.svg\" alt=\"Restaurant Goulu(e) Paris\" title=\"Restaurant Goulu(e) Paris\"\/><\/a><\/figure>\n\n\n\n<p class=\"gb-headline gb-headline-3fcdb144 gb-headline-text\"><strong>ADRESSE<\/strong><\/p>\n\n\n\n<p class=\"gb-headline gb-headline-ffee256e gb-headline-text\">33 Rue Georges Pitard <br>75015 Paris France<\/p>\n\n\n<div class=\"gb-container gb-container-b0888fbd\"><\/div>\n\n\n<p class=\"gb-headline gb-headline-0f1ca0cb gb-headline-text\"><strong>CONTACT<\/strong><\/p>\n\n\n<div class=\"gb-container gb-container-31d60fbc\">\n\n<p class=\"gb-headline gb-headline-344b674e\"><span class=\"gb-icon\"><svg id=\"phone-alt\" xmlns=\"http:\/\/www.w3.org\/2000\/svg\" width=\"20\" height=\"20\" viewBox=\"0 0 20 20\">   <path id=\"Trac\u00e9_50\" data-name=\"Trac\u00e9 50\" d=\"M10,0A10,10,0,1,0,20,10,10,10,0,0,0,10,0ZM6.406,3.972a.609.609,0,0,1,.533.33L8.307,6.895a.752.752,0,0,1-.153.856l-.626.626a.307.307,0,0,0-.065.178,5.343,5.343,0,0,0,1.611,2.377,5.339,5.339,0,0,0,2.23,1.577.353.353,0,0,0,.326-.032l.728-.741a.833.833,0,0,1,.883-.127h.012l2.467,1.456a.594.594,0,0,1,.14.933l-1.7,1.686a1.231,1.231,0,0,1-.908.344,7.86,7.86,0,0,1-3.9-1.468A15.039,15.039,0,0,1,4.806,9.6a6.424,6.424,0,0,1-.831-2.83,1.237,1.237,0,0,1,.345-.919l1.7-1.7a.665.665,0,0,1,.387-.176Z\" fill=\"#fff\"><\/path> <\/svg><\/span><span class=\"gb-headline-text\"><a href=\"tel:+33142504461\">01 42 50 44 61<\/a><\/span><\/p>\n\n\n\n<p class=\"gb-headline gb-headline-4472b607\"><span class=\"gb-icon\"><svg id=\"_01.mail\" data-name=\"01.mail\" xmlns=\"http:\/\/www.w3.org\/2000\/svg\" width=\"20\" height=\"20\" viewBox=\"0 0 20 20\">   <path id=\"Trac\u00e9_51\" data-name=\"Trac\u00e9 51\" d=\"M10,0A10,10,0,1,0,20,10,10,10,0,0,0,10,0Zm5.273,13.089a1,1,0,0,1-1,1H5.726a1,1,0,0,1-1-1V7.864L10,10.494l5.276-2.575Zm0-6.155L10,9.506,4.727,6.875a1,1,0,0,1,1-.963h8.548a1,1,0,0,1,1,1Z\" fill=\"#fff\"><\/path> <\/svg><\/span><span class=\"gb-headline-text\">contact@restaurant-goulu.paris<\/span><\/p>\n\n<\/div>\n\n<div class=\"gb-container gb-container-537727f6\"><\/div>\n\n\n<a class=\"gb-button gb-button-4d4961bd gb-button-text\" href=\"#\">R\u00c9SERVER EN LIGNE<\/a>\n\n<\/div>\n<\/div>\n<\/div><\/div>\n\n<div class=\"gb-grid-column gb-grid-column-7657ef69\"><div class=\"gb-container gb-container-7657ef69\">\n<div class=\"gb-container gb-container-6714e2f6\">\n<div class=\"gb-container gb-container-65aed8d8\">\n\n<h2 class=\"gb-headline gb-headline-a0888778 gb-headline-text\">UN RENSEIGNEMENT ?<br>UNE QUESTION ?<br><strong>CONTACTEZ-NOUS<\/strong><\/h2>\n\n\n\n<div class=\"wpcf7 no-js\" id=\"wpcf7-f601-o1\" lang=\"fr-FR\" dir=\"ltr\" data-wpcf7-id=\"601\">\n<div class=\"screen-reader-response\"><p role=\"status\" aria-live=\"polite\" aria-atomic=\"true\"><\/p> <ul><\/ul><\/div>\n<form action=\"\/fr\/wp-json\/wp\/v2\/pages\/107#wpcf7-f601-o1\" method=\"post\" class=\"wpcf7-form init\" aria-label=\"Formulaire de contact\" novalidate=\"novalidate\" data-status=\"init\">\n<fieldset class=\"hidden-fields-container\"><input type=\"hidden\" name=\"_wpcf7\" value=\"601\" \/><input type=\"hidden\" name=\"_wpcf7_version\" value=\"6.1.5\" \/><input type=\"hidden\" name=\"_wpcf7_locale\" value=\"fr_FR\" \/><input type=\"hidden\" name=\"_wpcf7_unit_tag\" value=\"wpcf7-f601-o1\" \/><input type=\"hidden\" name=\"_wpcf7_container_post\" value=\"0\" \/><input type=\"hidden\" name=\"_wpcf7_posted_data_hash\" value=\"\" \/>\n<\/fieldset>\n<div class=\"form-row\"><span class=\"wpcf7-form-control-wrap\" data-name=\"nomprenom\"  title=\"Nom Pr\u00e9nom\" ><input size=\"40\" maxlength=\"400\" class=\"wpcf7-form-control wpcf7-text wpcf7-validates-as-required\" aria-required=\"true\" aria-invalid=\"false\" placeholder=\"Nom Pr\u00e9nom *\" value=\"\" type=\"text\" name=\"nomprenom\"  title=\"Nom Pr\u00e9nom\"  \/><\/span><\/div>\n<div class=\"form-row --grid\"><span class=\"wpcf7-form-control-wrap\" data-name=\"societe\"  title=\"Soci\u00e9t\u00e9\" ><input size=\"40\" maxlength=\"400\" class=\"wpcf7-form-control wpcf7-text\" aria-invalid=\"false\" placeholder=\"Soci\u00e9t\u00e9\" value=\"\" type=\"text\" name=\"societe\"  title=\"Soci\u00e9t\u00e9\"  \/><\/span><\/div>\n<div class=\"form-row --grid\"><span class=\"wpcf7-form-control-wrap\" data-name=\"email\"  title=\"E-mail\" ><input size=\"40\" maxlength=\"400\" class=\"wpcf7-form-control wpcf7-email wpcf7-validates-as-required wpcf7-text wpcf7-validates-as-email\" aria-required=\"true\" aria-invalid=\"false\" placeholder=\"E-mail *\" value=\"\" type=\"email\" name=\"email\"  title=\"E-mail\"  \/><\/span><\/div>\n<div class=\"form-row --grid\"><span class=\"wpcf7-form-control-wrap\" data-name=\"tel\"  title=\"T\u00e9l\u00e9phone\" ><input size=\"40\" maxlength=\"400\" class=\"wpcf7-form-control wpcf7-tel wpcf7-validates-as-required wpcf7-text wpcf7-validates-as-tel\" aria-required=\"true\" aria-invalid=\"false\" placeholder=\"T\u00e9l\u00e9phone *\" value=\"\" type=\"tel\" name=\"tel\"  title=\"T\u00e9l\u00e9phone\"  \/><\/span><\/div>\n<div class=\"form-row --wide\"><span class=\"wpcf7-form-control-wrap\" data-name=\"message\"  title=\"Message\" ><textarea cols=\"40\" rows=\"5\" maxlength=\"2000\" class=\"wpcf7-form-control wpcf7-textarea wpcf7-validates-as-required\" aria-required=\"true\" aria-invalid=\"false\" placeholder=\"Message *\" name=\"message\"  title=\"Message\" ><\/textarea><\/span><\/div>\n<div class=\"cf7-cf-turnstile\" style=\"margin-top: 0px; margin-bottom: -15px;\"> <div id=\"cf-turnstile-cf7-1206600115\" class=\"cf-turnstile\" data-sitekey=\"0x4AAAAAAAQ7UMIKtx7lyqyu\" data-theme=\"light\" data-language=\"auto\" data-size=\"\" data-retry=\"auto\" data-retry-interval=\"1000\" data-refresh-expired=\"auto\" data-refresh-timeout=\"auto\" data-action=\"contact-form-7\" data-callback=\"turnstileCF7Callback\" data-appearance=\"always\"><\/div> <script>document.addEventListener(\"DOMContentLoaded\", function() { setTimeout(function(){ var e=document.getElementById(\"cf-turnstile-cf7-1206600115\"); if(e&&!e.innerHTML.trim()){turnstile.render(e, {sitekey:\"0x4AAAAAAAQ7UMIKtx7lyqyu\"});} }, 200); });<\/script> <br class=\"cf-turnstile-br cf-turnstile-br-cf7-1206600115\"> <style>#cf-turnstile-cf7-1206600115 { margin-left: -15px; }<\/style> <script>document.addEventListener(\"DOMContentLoaded\",function(){document.querySelectorAll('.wpcf7-form').forEach(function(e){e.addEventListener('submit',function(){if(document.getElementById('cf-turnstile-cf7-1206600115')){setTimeout(function(){turnstile.reset('#cf-turnstile-cf7-1206600115');},1000)}})})});<\/script> <\/div>\n<div class=\"form-row --wide\"><span class=\"wpcf7-form-control-wrap\" data-name=\"rgpd\"><span class=\"wpcf7-form-control wpcf7-acceptance\"><span class=\"wpcf7-list-item\"><label><input type=\"checkbox\" name=\"rgpd\" value=\"1\" aria-invalid=\"false\" \/><span class=\"wpcf7-list-item-label\">J'autorise <b>Restaurant Goulu(e) Paris<\/b> \u00e0 traiter les donn\u00e9es personnelles renseign\u00e9es dans le but de r\u00e9pondre \u00e0 la demande et \u00e0 conserver ces donn\u00e9es conform\u00e9ment aux dispositions indiqu\u00e9es dans la <a href=\"https:\/\/restaurant-goulu.paris\/politique-de-confidentialite\/\" target=\"_blank\">politique de confidentialit\u00e9<\/a>.<\/span><\/label><\/span><\/span><\/span><\/div>\n<div class=\"submit-wrapper\"><input class=\"wpcf7-form-control wpcf7-submit has-spinner btn\" type=\"submit\" value=\"Envoyer\" \/><\/div><div class=\"wpcf7-response-output\" aria-hidden=\"true\"><\/div>\n<\/form>\n<\/div>\n\n\n<\/div>\n<\/div>\n<\/div><\/div>\n<\/div>\n<\/div>\n<\/div>","protected":false},"excerpt":{"rendered":"<p>R\u00e9servation en ligne<\/p>\n","protected":false},"author":2,"featured_media":0,"parent":0,"menu_order":0,"comment_status":"closed","ping_status":"closed","template":"","meta":{"_seopress_robots_primary_cat":"","_seopress_titles_title":"","_seopress_titles_desc":"","_seopress_robots_index":"","inline_featured_image":false,"footnotes":""},"a3w-page-category":[9],"class_list":{"0":"post-107","1":"page","2":"type-page","3":"status-publish","5":"a3w-page-category-pages-avec-entete-fusionne","6":"no-featured-image-padding"},"_links":{"self":[{"href":"https:\/\/restaurant-goulu.paris\/fr\/wp-json\/wp\/v2\/pages\/107","targetHints":{"allow":["GET"]}}],"collection":[{"href":"https:\/\/restaurant-goulu.paris\/fr\/wp-json\/wp\/v2\/pages"}],"about":[{"href":"https:\/\/restaurant-goulu.paris\/fr\/wp-json\/wp\/v2\/types\/page"}],"author":[{"embeddable":true,"href":"https:\/\/restaurant-goulu.paris\/fr\/wp-json\/wp\/v2\/users\/2"}],"replies":[{"embeddable":true,"href":"https:\/\/restaurant-goulu.paris\/fr\/wp-json\/wp\/v2\/comments?post=107"}],"version-history":[{"count":3,"href":"https:\/\/restaurant-goulu.paris\/fr\/wp-json\/wp\/v2\/pages\/107\/revisions"}],"predecessor-version":[{"id":892,"href":"https:\/\/restaurant-goulu.paris\/fr\/wp-json\/wp\/v2\/pages\/107\/revisions\/892"}],"wp:attachment":[{"href":"https:\/\/restaurant-goulu.paris\/fr\/wp-json\/wp\/v2\/media?parent=107"}],"wp:term":[{"taxonomy":"a3w-page-category","embeddable":true,"href":"https:\/\/restaurant-goulu.paris\/fr\/wp-json\/wp\/v2\/a3w-page-category?post=107"}],"curies":[{"name":"wp","href":"https:\/\/api.w.org\/{rel}","templated":true}]}}