{"id":121,"date":"2024-02-21T09:34:57","date_gmt":"2024-02-21T08:34:57","guid":{"rendered":"https:\/\/restaurant-goulu.paris\/?page_id=121"},"modified":"2024-08-21T16:09:19","modified_gmt":"2024-08-21T14:09:19","slug":"le-restaurant","status":"publish","type":"page","link":"https:\/\/restaurant-goulu.paris\/fr\/le-restaurant\/","title":{"rendered":"Le restaurant"},"content":{"rendered":"<div class=\"gb-container gb-container-350ae209\">\n<div class=\"gb-container gb-container-7f005d40\">\n\n<h1 class=\"gb-headline gb-headline-65c09bb8 gb-headline-text\"><strong>GOULUE | RESTAURANT CHIC PARIS<br> CUISINE BISTRONOMIQUE<\/strong><\/h1>\n\n\n\n<a class=\"gb-button gb-button-ee1e5ea0 gb-button-text\" href=\"https:\/\/restaurant-goulu.paris\/contact\/\">R\u00c9SERVER<\/a>\n\n\n\n<h2 class=\"gb-headline gb-headline-479b0aca\"><span class=\"gb-icon\"><svg aria-hidden=\"true\" role=\"img\" height=\"1em\" width=\"1em\" viewBox=\"0 0 448 512\" xmlns=\"http:\/\/www.w3.org\/2000\/svg\"><path fill=\"currentColor\" d=\"M207.029 381.476L12.686 187.132c-9.373-9.373-9.373-24.569 0-33.941l22.667-22.667c9.357-9.357 24.522-9.375 33.901-.04L224 284.505l154.745-154.021c9.379-9.335 24.544-9.317 33.901.04l22.667 22.667c9.373 9.373 9.373 24.569 0 33.941L240.971 381.476c-9.373 9.372-24.569 9.372-33.942 0z\"><\/path><\/svg><\/span><\/h2>\n\n<\/div>\n<\/div>\n\n<div class=\"gb-container gb-container-6cc5bc0f\"><\/div>\n\n<div class=\"gb-container gb-container-1093dc6e\">\n<div class=\"gb-container gb-container-8d8ee117\">\n\n<h2 class=\"gb-headline gb-headline-6dcebbcc gb-headline-text\">PARIS 15\u00c8ME ARRONDISSEMENT <br>D\u00c9COUVREZ LA PASSION CULINAIRE D\u2019UN CHEF !<\/h2>\n\n\n<div class=\"gb-grid-wrapper gb-grid-wrapper-0c360135\">\n<div class=\"gb-grid-column gb-grid-column-95ceb6de\"><div class=\"gb-container gb-container-95ceb6de\">\n\n<p class=\"gb-headline gb-headline-48985713 gb-headline-text\">LA CUISINE <br>BISTRONOMIQUE <br>DU CHEF !<\/p>\n\n<\/div><\/div>\n\n<div class=\"gb-grid-column gb-grid-column-f78bb303\"><div class=\"gb-container gb-container-f78bb303\">\n\n<p class=\"gb-headline gb-headline-ea71ba56 gb-headline-text\">Alliant le raffinement de la gastronomie fran\u00e7aise \u00e0 une ambiance d\u00e9contract\u00e9e, notre restaurant bistronomique \u00ab Goulue \u00bb c\u00e9l\u00e8bre l\u2019art de bien manger. Mais qu\u2019est-ce que la bistronomie ?<\/p>\n\n\n\n<p class=\"gb-headline gb-headline-507ba380 gb-headline-text\">C\u2019est avant tout le mariage parfait entre la cuisine traditionnelle et la cr\u00e9ativit\u00e9 contemporaine. Notre chef se tourne vers cette approche pour offrir une exp\u00e9rience culinaire authentique, mettant en valeur les produits locaux et de saison, tout en proposant des plats originaux, gourmets et gourmands. Venez d\u00e9couvrir une cuisine qui r\u00e9invente les classiques avec passion et savoir-faire ! D\u00e9couvrez l\u2019essence de la cuisine bistronomique chez Goulue au c\u0153ur du 15\u00e8me arrondissement de Paris !<\/p>\n\n<\/div><\/div>\n<\/div>\n<\/div>\n<\/div>\n\n<div class=\"gb-container gb-container-dfd5be5b\">\n<div class=\"gb-container gb-container-cc2ff6c3\">\n<div class=\"gb-grid-wrapper gb-grid-wrapper-36295790\">\n<div class=\"gb-grid-column gb-grid-column-a9b11ef4\"><div class=\"gb-container gb-container-a9b11ef4\">\n\n<p class=\"gb-headline gb-headline-9c76dff8 gb-headline-text\">NOS MENUS<br>BISTRONOMIQUES<\/p>\n\n<\/div><\/div>\n\n<div class=\"gb-grid-column gb-grid-column-7e276538\"><div class=\"gb-container gb-container-7e276538\">\n\n<p class=\"gb-headline gb-headline-9701f3de gb-headline-text\">D\u00e9couvrez nos diff\u00e9rents menus bistronomiques servis midi et soir.<br>Tous nos plats sont fait maison et pr\u00e9par\u00e9s par notre Chef de cuisine avec des produits frais rigoureusement s\u00e9lectionn\u00e9s pour leur qualit\u00e9 et leur go\u00fbt. <\/p>\n\n<\/div><\/div>\n<\/div>\n\n<div class=\"gb-grid-wrapper gb-grid-wrapper-6558ed5c\">\n<div class=\"gb-grid-column gb-grid-column-7296145d\"><div class=\"gb-container gb-container-7296145d\">\n\n<p class=\"gb-headline gb-headline-11638169 gb-headline-text\">MENU<br>\u00c9MOTION<\/p>\n\n\n<div class=\"gb-container gb-container-9fcdd3f1\"><\/div>\n\n\n<p class=\"gb-headline gb-headline-446ff8ee gb-headline-text\">Entr\u00e9e + Plat ou Plat + Dessert<\/p>\n\n\n<div class=\"gb-container gb-container-5d2f04d9\">\n\n<p class=\"gb-headline gb-headline-f5ed111c gb-headline-text\">Le midi<\/p>\n\n\n\n<p class=\"gb-headline gb-headline-404a8ba8 gb-headline-text\"><strong>32.00\u20ac<\/strong><\/p>\n\n<\/div>\n\n<div class=\"gb-container gb-container-7257fcc1\">\n\n<p class=\"gb-headline gb-headline-c6c49895 gb-headline-text\">Le soir<\/p>\n\n\n\n<p class=\"gb-headline gb-headline-efa8660c gb-headline-text\"><strong>36.00\u20ac<\/strong><\/p>\n\n<\/div>\n<\/div><\/div>\n\n<div class=\"gb-grid-column gb-grid-column-9b0e4aea\"><div class=\"gb-container gb-container-9b0e4aea\">\n\n<p class=\"gb-headline gb-headline-7e07dd4f gb-headline-text\">MENU<br>GOURMET<\/p>\n\n\n<div class=\"gb-container gb-container-be661e04\"><\/div>\n\n\n<p class=\"gb-headline gb-headline-f2edf485 gb-headline-text\">Entr\u00e9e + Plat + Dessert<\/p>\n\n\n<div class=\"gb-container gb-container-6b42b44f\">\n\n<p class=\"gb-headline gb-headline-17803983 gb-headline-text\">Le midi<\/p>\n\n\n\n<p class=\"gb-headline gb-headline-5b355ead gb-headline-text\"><strong>42.00\u20ac<\/strong><\/p>\n\n<\/div>\n\n<div class=\"gb-container gb-container-0e4b8f6a\">\n\n<p class=\"gb-headline gb-headline-c3e52934 gb-headline-text\">Le soir<\/p>\n\n\n\n<p class=\"gb-headline gb-headline-df16d9d7 gb-headline-text\"><strong>45.00\u20ac<\/strong><\/p>\n\n<\/div>\n<\/div><\/div>\n\n<div class=\"gb-grid-column gb-grid-column-ac76390e\"><div class=\"gb-container gb-container-ac76390e\">\n\n<p class=\"gb-headline gb-headline-22175a7e gb-headline-text\">MENU <br>D\u00c9GUSTATION<\/p>\n\n\n<div class=\"gb-container gb-container-eb02624b\"><\/div>\n\n\n<p class=\"gb-headline gb-headline-dac50624 gb-headline-text\">Menu \u00e0 5 temps \u00e9labor\u00e9 par le Chef            <strong>70.00\u20ac<\/strong><\/p>\n\n\n\n<p><strong>3 verres<\/strong><strong>&nbsp; <\/strong><strong>18\u20ac<\/strong><strong><\/strong><\/p>\n\n\n\n<p><strong>4 verres<\/strong><strong>&nbsp; <\/strong><strong>25 \u20ac<\/strong><\/p>\n\n\n<div class=\"gb-container gb-container-66dfd8ee\">\n\n<p class=\"gb-headline gb-headline-53884a66 gb-headline-text\"><\/p>\n\n\n\n<p class=\"gb-headline gb-headline-62c6bf25 gb-headline-text\"><\/p>\n\n<\/div>\n<\/div><\/div>\n<\/div>\n\n<div class=\"gb-container gb-container-c68b4c1a\">\n\n<a class=\"gb-button gb-button-c14d08b5 gb-button-text\" href=\"https:\/\/restaurant-goulu.paris\/contact\/\">R\u00c9SERVER EN LIGNE<\/a>\n\n\n\n<a class=\"gb-button gb-button-a127da32 gb-button-text\" href=\"tel:0142504461\">01 42 50 44 61<\/a>\n\n<\/div>\n<\/div>\n\n<div class=\"gb-container gb-container-07a15961\">\n<div class=\"gb-grid-wrapper gb-grid-wrapper-783052d5\">\n<div class=\"gb-grid-column gb-grid-column-8ce51a64\"><div class=\"gb-container gb-container-8ce51a64\"><\/div><\/div>\n\n<div class=\"gb-grid-column gb-grid-column-db95b66a\"><div class=\"gb-container gb-container-db95b66a\"><\/div><\/div>\n\n<div class=\"gb-grid-column gb-grid-column-d9823dfb\"><div class=\"gb-container gb-container-d9823dfb\"><\/div><\/div>\n\n<div class=\"gb-grid-column gb-grid-column-d7c9ffd2\"><div class=\"gb-container gb-container-d7c9ffd2\"><\/div><\/div>\n\n<div class=\"gb-grid-column gb-grid-column-ffae0371\"><div class=\"gb-container gb-container-ffae0371\"><\/div><\/div>\n\n<div class=\"gb-grid-column gb-grid-column-54eb2bc6\"><div class=\"gb-container gb-container-54eb2bc6\"><\/div><\/div>\n<\/div>\n<\/div>\n\n<div class=\"gb-container gb-container-784cfd3a\">\n<div class=\"gb-grid-wrapper gb-grid-wrapper-1e7d29ed\">\n<div class=\"gb-grid-column gb-grid-column-6b6974e4\"><div class=\"gb-container gb-container-6b6974e4\">\n\n<p class=\"gb-headline gb-headline-dfb34b32 gb-headline-text\">ENTR\u00c9ES<\/p>\n\n\n\n<p>P\u00e2t\u00e9 en Croute de Canard \u00e0 la Pistache<\/p>\n\n\n\n<p class=\"gb-headline gb-headline-79e972fd gb-headline-text\">Tarte Tatin d\u2019Oignon doux sauce au Parmesan<\/p>\n\n\n\n<p>Velout\u00e9 de Butternut, Cr\u00e8me de Noix<\/p>\n\n\n\n<p class=\"gb-headline gb-headline-0216385e gb-headline-text\">Carpaccio de St-Jacques<\/p>\n\n\n\n<p class=\"gb-headline gb-headline-a28460ab gb-headline-text\">\u0152uf Bio \u201cParfait\u201d aux herbes fra\u00eeches, Poireaux crayons \u00e9tuv\u00e9s<\/p>\n\n<\/div><\/div>\n\n<div class=\"gb-grid-column gb-grid-column-6acc9554\"><div class=\"gb-container gb-container-6acc9554\">\n\n<p class=\"gb-headline gb-headline-638d83ba gb-headline-text\">PLATS<\/p>\n\n\n<div class=\"gb-container gb-container-4ac5a5b1\"><\/div>\n\n\n<p class=\"gb-headline gb-headline-9e0c85ea gb-headline-text\">Supr\u00eame de volaille r\u00f4ti<\/p>\n\n\n\n<p class=\"gb-headline gb-headline-f2f2979a gb-headline-text\"><em>Pur\u00e9e de pommes de terre, jus court<\/em><\/p>\n\n\n\n<p class=\"gb-headline gb-headline-4476adf0 gb-headline-text\">C\u00f4te de boeuf pour 2 pers<\/p>\n\n\n\n<p class=\"gb-headline gb-headline-c2d88a46 gb-headline-text\"><em>Pommes de terre Grenailles<\/em> saut\u00e9es, sauce B\u00e9arnaise<br><strong>(Suppl + 15\u20ac\/pers)<\/strong><\/p>\n\n\n\n<p>Raie aux C\u00e2pres, Choufleur<\/p>\n\n\n\n<p>Noix de Saint-Jacques po\u00eal\u00e9es<\/p>\n\n\n\n<p class=\"gb-headline gb-headline-f038d53f gb-headline-text\"><\/p>\n\n\n\n<p>Blanquette de Veau<\/p>\n\n\n\n<p><\/p>\n\n<\/div><\/div>\n\n<div class=\"gb-grid-column gb-grid-column-3ac11735\"><div class=\"gb-container gb-container-3ac11735\">\n\n<p class=\"gb-headline gb-headline-19739dc3 gb-headline-text\">DESSERTS<\/p>\n\n\n<div class=\"gb-container gb-container-c9e04a51\"><\/div>\n\n\n<p class=\"gb-headline gb-headline-5d611857 gb-headline-text\">Paris-Brest<\/p>\n\n\n\n<p class=\"gb-headline gb-headline-7b28eeaf gb-headline-text\"><em>Pralin\u00e9 \u00e0 la noisette<\/em><\/p>\n\n\n\n<p class=\"gb-headline gb-headline-131a8762 gb-headline-text\">Profiteroles Vanille Chocolat (Option sans Gluten \u00e0 la demande)<\/p>\n\n\n\n<p class=\"gb-headline gb-headline-0fdae8bf gb-headline-text\">Souffl\u00e9 au Chocolat du Mexique 70%<\/p>\n\n\n\n<p class=\"gb-headline gb-headline-7051670f gb-headline-text\">Pavlova<\/p>\n\n\n\n<p class=\"gb-headline gb-headline-000b6bae gb-headline-text\"><\/p>\n\n\n\n<p class=\"gb-headline gb-headline-cb5421af gb-headline-text\">S\u00e9lection de Fromages Affin\u00e9s La Fromagerie de Passy<\/p>\n\n<\/div><\/div>\n<\/div>\n\n<div class=\"gb-container gb-container-8e3a6769\">\n\n<a class=\"gb-button gb-button-f73114bf gb-button-text\" href=\"https:\/\/restaurant-goulu.paris\/contact\/\">R\u00c9SERVER EN LIGNE<\/a>\n\n<\/div>\n<\/div>\n<\/div>\n\n<div class=\"gb-grid-wrapper gb-grid-wrapper-d6ca2007\">\n<div class=\"gb-grid-column gb-grid-column-19c5d43f\"><div class=\"gb-container gb-container-19c5d43f\"><\/div><\/div>\n\n<div class=\"gb-grid-column gb-grid-column-5ba92971\"><div class=\"gb-container gb-container-5ba92971\">\n<div class=\"gb-container gb-container-0146ab59\">\n\n<h2 class=\"gb-headline gb-headline-1a7bbfca gb-headline-text\">UNE CUISINE BISTRONOMIQUE<br>FAIT MAISON \u00c0 BASE DE<br>PRODUITS FRAIS ET LOCAUX<\/h2>\n\n\n<div class=\"gb-container gb-container-a5635077\"><\/div>\n\n\n<p class=\"gb-headline gb-headline-f73a5adf gb-headline-text\">Au c\u0153ur de notre philosophie culinaire, la s\u00e9lection m\u00e9ticuleuse des produits frais est une priorit\u00e9 absolue. Notre chef s\u2019engage \u00e0 vous offrir une exp\u00e9rience bistronomique exceptionnelle en ne choisissant que le meilleur. Des oeufs aux l\u00e9gumes, en passant par les poissons, crustac\u00e9s et viandes, chaque ingr\u00e9dient est soigneusement s\u00e9lectionn\u00e9 aupr\u00e8s de producteurs locaux.<br><br>Nous privil\u00e9gions un circuit court, en \u00e9tablissant des relations directes avec ces artisans passionn\u00e9s, garantissant ainsi la fra\u00eecheur, la qualit\u00e9 et le go\u00fbt authentique de chaque produit dans votre assiette.<br><br>Chez nous, la transparence et le respect des saveurs sont au c\u0153ur de notre d\u00e9marche, pour vous offrir une exp\u00e9rience culinaire inoubliable \u00e0 chaque bouch\u00e9e.<\/p>\n\n<\/div>\n<\/div><\/div>\n<\/div>\n\n<div class=\"gb-container gb-container-8bdf7eaf\">\n<div class=\"gb-container gb-container-34d11c9b\">\n<div class=\"gb-grid-wrapper gb-grid-wrapper-668ecf46\">\n<div class=\"gb-grid-column gb-grid-column-64c74b83\"><div class=\"gb-container gb-container-64c74b83\">\n\n<figure class=\"gb-block-image gb-block-image-1f7c5b42\"><img decoding=\"async\" width=\"453\" height=\"603\" class=\"gb-image gb-image-1f7c5b42\" src=\"https:\/\/restaurant-goulu.paris\/wp-content\/uploads\/2024\/03\/0S6A9894-Modifier.png\" alt=\"\" title=\"0S6A9894-Modifier\" srcset=\"https:\/\/restaurant-goulu.paris\/wp-content\/uploads\/2024\/03\/0S6A9894-Modifier.png 453w, https:\/\/restaurant-goulu.paris\/wp-content\/uploads\/2024\/03\/0S6A9894-Modifier-225x300.png 225w\" sizes=\"(max-width: 453px) 100vw, 453px\" \/><\/figure>\n\n<\/div><\/div>\n\n<div class=\"gb-grid-column gb-grid-column-cb700a86\"><div class=\"gb-container gb-container-cb700a86\">\n\n<h2 class=\"gb-headline gb-headline-1176a635 gb-headline-text\"><strong>GOULUE | CUISINE BISTRONOMIQUE<\/strong><br><strong>UNE \u00c9QUIPE DE CHOC<\/strong><\/h2>\n\n\n\n<p class=\"gb-headline gb-headline-02c6cfb1 gb-headline-text\">Au c\u0153ur du 15\u00e8me arrondissement de Paris, d\u00e9couvrez l\u2019\u00e9quipe passionn\u00e9e du restaurant de quartier \u00ab&nbsp;Goulue&nbsp;\u00bb, men\u00e9e par le chef J\u00e9r\u00f4me Penanhoat. Fort d\u2019une exp\u00e9rience m\u00e9ticuleuse et exigeante acquise dans de prestigieux \u00e9tablissements parisiens, Chef Penanhoat vous invite \u00e0 partager sa passion pour la cuisine fran\u00e7aise et le mariage des saveurs au sein de \u00ab&nbsp;Goulue&nbsp;\u00bb, restaurant incontournable \u00e0 paris 15. Son expertise se r\u00e9v\u00e8le \u00e0 travers des plats o\u00f9 chaque saveur est sublim\u00e9e et chaque accompagnement ma\u00eetris\u00e9 avec finesse, offrant ainsi une exp\u00e9rience culinaire incomparable.<\/p>\n\n\n\n<p class=\"gb-headline gb-headline-2a8dc934 gb-headline-text\">Accompagnant le Chef, Betzhuara, la rayonnante responsable de salle, incarne l\u2019\u00e2me chaleureuse et \u00e9nergique de \u00ab&nbsp;Goulue&nbsp;\u00bb. Toujours souriante et de bonne humeur, elle veille \u00e0 ce que chaque client soit accueilli avec attention pour une exp\u00e9rience de d\u00e9tente et de bonheur. Sa passion pour le service et sa connaissance des plats bistronomiques pr\u00e9par\u00e9s par le Chef font de chaque repas un moment m\u00e9morable.<\/p>\n\n\n\n<p class=\"gb-headline gb-headline-55f57fcb gb-headline-text\">Ensemble, ce duo de choc vous invite \u00e0 un v\u00e9ritable voyage gustatif \u00e0 chaque bouch\u00e9e. Avec des produits frais et de saison, ils transforment chaque plat en une symphonie de saveurs, \u00e9veillant vos papilles \u00e0 de nouvelles sensations et vous offrant une exp\u00e9rience culinaire bistronomique exceptionnelle \u00e0 chaque visite chez \u00ab&nbsp;Goulue&nbsp;\u00bb.<\/p>\n\n\n\n<p class=\"gb-headline gb-headline-a9324f55 gb-headline-text\">Que ce soit pour un d\u00e9jeuner entre amis, un d\u00eener en amoureux ou une c\u00e9l\u00e9bration sp\u00e9ciale, le restaurant \u00ab&nbsp;Goulue&nbsp;\u00bb promet une exp\u00e9rience culinaire incomparable, o\u00f9 l\u2019\u00e9motion se m\u00eale \u00e0 la gourmandise \u00e0 chaque instant. Venez vivre une parenth\u00e8se gourmande o\u00f9 la passion pour la cuisine et le plaisir du partage se conjuguent pour offrir des souvenirs gustatifs inoubliables.Que ce soit pour une occasion sp\u00e9ciale ou simplement pour le plaisir de savourer une cuisine authentique et raffin\u00e9e, laissez-vous s\u00e9duire par l\u2019\u00e9quipe passionn\u00e9e de \u00ab&nbsp;Goulue&nbsp;\u00bb et laissez vos sens vous transporter dans un monde de d\u00e9lices.<\/p>\n\n<\/div><\/div>\n<\/div>\n\n<div class=\"gb-grid-wrapper gb-grid-wrapper-dcf188b0\">\n<div class=\"gb-grid-column gb-grid-column-490b5ee8\"><div class=\"gb-container gb-container-490b5ee8\">\n\n<p class=\"gb-headline gb-headline-38367503 gb-headline-text\">UN CADRE ART D\u00c9CO <br>POUR UN RESTAURANT <br>COSY PARIS<\/p>\n\n<\/div><\/div>\n\n<div class=\"gb-grid-column gb-grid-column-61c49a2d\"><div class=\"gb-container gb-container-61c49a2d\">\n\n<p class=\"gb-headline gb-headline-2de36649 gb-headline-text\">Une atmosph\u00e8re \u00e9l\u00e9gante et intemporelle Chez Goulue, <a href=\"https:\/\/restaurant-goulu.paris\/restaurant-paris-15\/\" data-type=\"page\" data-id=\"766\">restaurant paris 15<\/a>, o\u00f9 l\u2019Art D\u00e9co rencontre le raffinement contemporain. Chaque d\u00e9tail de la d\u00e9coration a \u00e9t\u00e9 soigneusement pens\u00e9 pour cr\u00e9er une ambiance feutr\u00e9e et intimiste. Des couleurs sereines et apaisantes vous accueillent, vous invitant \u00e0 vous d\u00e9tendre dans un cadre confortable o\u00f9 le temps semble suspendu.<\/p>\n\n<\/div><\/div>\n<\/div>\n<\/div>\n<\/div>\n\n<div class=\"gb-container gb-container-4afc4b23\">\n<div class=\"gb-grid-wrapper gb-grid-wrapper-c68a0c72\">\n<div class=\"gb-grid-column gb-grid-column-adfcf688\"><div class=\"gb-container gb-container-adfcf688\"><\/div><\/div>\n\n<div class=\"gb-grid-column gb-grid-column-6714e2f6\"><div class=\"gb-container gb-container-6714e2f6\">\n<div class=\"gb-container gb-container-65aed8d8\">\n\n<h2 class=\"gb-headline gb-headline-a0888778 gb-headline-text\">Pour les business&rsquo; gourmets<br><strong>commandez &amp; emportez<\/strong><br>votre menu bistronomique<\/h2>\n\n\n<div class=\"gb-container gb-container-0e5ad91a\"><\/div>\n\n\n<p class=\"gb-headline gb-headline-3ddbd8b5 gb-headline-text\">Pour vos d\u00e9jeuners d&rsquo;affaires, r\u00e9unions ou simplement repas entre coll\u00e8gue au bureau, nous vous proposons de commander votre menu bistronomique le matin et de venir le chercher au restaurant le midi.<br>Id\u00e9al pour tous les bureaux du 15\u00e8me arrondissement de Paris et limitrophe<\/p>\n\n\n\n<a class=\"gb-button gb-button-e605418c gb-button-text\" href=\"tel:0142504461\">01 42 50 44 61<\/a>\n\n<\/div>\n<\/div><\/div>\n<\/div>\n<\/div>","protected":false},"excerpt":{"rendered":"<p>GOULUE | RESTAURANT CHIC PARIS CUISINE BISTRONOMIQUE PARIS 15\u00c8ME ARRONDISSEMENT D\u00c9COUVREZ LA PASSION CULINAIRE D\u2019UN CHEF !<\/p>\n","protected":false},"author":3,"featured_media":0,"parent":0,"menu_order":0,"comment_status":"closed","ping_status":"closed","template":"","meta":{"_seopress_robots_primary_cat":"","_seopress_titles_title":"","_seopress_titles_desc":"","_seopress_robots_index":"","inline_featured_image":false,"footnotes":""},"a3w-page-category":[9],"class_list":{"0":"post-121","1":"page","2":"type-page","3":"status-publish","5":"a3w-page-category-pages-avec-entete-fusionne","6":"no-featured-image-padding"},"_links":{"self":[{"href":"https:\/\/restaurant-goulu.paris\/fr\/wp-json\/wp\/v2\/pages\/121","targetHints":{"allow":["GET"]}}],"collection":[{"href":"https:\/\/restaurant-goulu.paris\/fr\/wp-json\/wp\/v2\/pages"}],"about":[{"href":"https:\/\/restaurant-goulu.paris\/fr\/wp-json\/wp\/v2\/types\/page"}],"author":[{"embeddable":true,"href":"https:\/\/restaurant-goulu.paris\/fr\/wp-json\/wp\/v2\/users\/3"}],"replies":[{"embeddable":true,"href":"https:\/\/restaurant-goulu.paris\/fr\/wp-json\/wp\/v2\/comments?post=121"}],"version-history":[{"count":3,"href":"https:\/\/restaurant-goulu.paris\/fr\/wp-json\/wp\/v2\/pages\/121\/revisions"}],"predecessor-version":[{"id":768,"href":"https:\/\/restaurant-goulu.paris\/fr\/wp-json\/wp\/v2\/pages\/121\/revisions\/768"}],"wp:attachment":[{"href":"https:\/\/restaurant-goulu.paris\/fr\/wp-json\/wp\/v2\/media?parent=121"}],"wp:term":[{"taxonomy":"a3w-page-category","embeddable":true,"href":"https:\/\/restaurant-goulu.paris\/fr\/wp-json\/wp\/v2\/a3w-page-category?post=121"}],"curies":[{"name":"wp","href":"https:\/\/api.w.org\/{rel}","templated":true}]}}