{"id":766,"date":"2024-08-21T16:08:07","date_gmt":"2024-08-21T14:08:07","guid":{"rendered":"https:\/\/restaurant-goulu.paris\/?page_id=766"},"modified":"2024-08-21T16:08:08","modified_gmt":"2024-08-21T14:08:08","slug":"restaurant-paris-15","status":"publish","type":"page","link":"https:\/\/restaurant-goulu.paris\/fr\/restaurant-paris-15\/","title":{"rendered":"Restaurant Paris 15"},"content":{"rendered":"<div class=\"gb-container gb-container-350ae209\">\n<div class=\"gb-container gb-container-7f005d40\">\n\n<h1 class=\"gb-headline gb-headline-65c09bb8 gb-headline-text\"><strong>GOULUE | RESTAURANT PARIS 15<br> CUISINE BISTRONOMIQUE<\/strong><\/h1>\n\n\n\n<a class=\"gb-button gb-button-ee1e5ea0 gb-button-text\" href=\"https:\/\/restaurant-goulu.paris\/contact\/\">R\u00c9SERVER<\/a>\n\n\n\n<h2 class=\"gb-headline gb-headline-479b0aca\"><span class=\"gb-icon\"><svg aria-hidden=\"true\" role=\"img\" height=\"1em\" width=\"1em\" viewBox=\"0 0 448 512\" xmlns=\"http:\/\/www.w3.org\/2000\/svg\"><path fill=\"currentColor\" d=\"M207.029 381.476L12.686 187.132c-9.373-9.373-9.373-24.569 0-33.941l22.667-22.667c9.357-9.357 24.522-9.375 33.901-.04L224 284.505l154.745-154.021c9.379-9.335 24.544-9.317 33.901.04l22.667 22.667c9.373 9.373 9.373 24.569 0 33.941L240.971 381.476c-9.373 9.372-24.569 9.372-33.942 0z\"><\/path><\/svg><\/span><\/h2>\n\n<\/div>\n<\/div>\n\n<div class=\"gb-container gb-container-6cc5bc0f\"><\/div>\n\n<div class=\"gb-container gb-container-1093dc6e\">\n<div class=\"gb-container gb-container-8d8ee117\">\n\n<h2 class=\"gb-headline gb-headline-6dcebbcc gb-headline-text\">L&rsquo;ART DE LA BISTRONOMIE <br>AU COEUR DU 15EME ARRONDISSEMENT DE PARIS<\/h2>\n\n\n<div class=\"gb-grid-wrapper gb-grid-wrapper-0c360135\">\n<div class=\"gb-grid-column gb-grid-column-95ceb6de\"><div class=\"gb-container gb-container-95ceb6de\">\n\n<p class=\"gb-headline gb-headline-48985713 gb-headline-text\">UNE EXPERIENCE CULINAIRE UNIQUE BISTROT CHIC<\/p>\n\n<\/div><\/div>\n\n<div class=\"gb-grid-column gb-grid-column-f78bb303\"><div class=\"gb-container gb-container-f78bb303\">\n\n<p>Chez <strong>Goulu<\/strong>, notre passion pour la cuisine se refl\u00e8te dans chaque plat que nous servons. Nich\u00e9 dans le charmant 15\u00e8me arrondissement de Paris, notre restaurant se distingue par son approche innovante de la <strong>bistronomie<\/strong>. Qu&rsquo;est-ce que la bistronomie, vous demandez-vous ? C&rsquo;est la fusion parfaite entre la convivialit\u00e9 d&rsquo;un bistrot et la sophistication d&rsquo;une cuisine gastronomique. C&rsquo;est l&rsquo;art de sublimer les ingr\u00e9dients simples en cr\u00e9ant des plats qui \u00e9tonnent par leur cr\u00e9ativit\u00e9 et leur finesse.<\/p>\n\n\n\n<p>Chez <strong>Goulu<\/strong>, nous prenons les grands classiques de la <strong>cuisine fran\u00e7aise<\/strong> et les r\u00e9interpr\u00e9tons avec une touche moderne, tout en respectant les saveurs authentiques qui font la renomm\u00e9e de notre patrimoine culinaire. Notre objectif est de proposer \u00e0 nos clients une exp\u00e9rience inoubliable, o\u00f9 chaque bouch\u00e9e raconte une histoire de passion, de tradition et d&rsquo;innovation.<\/p>\n\n<\/div><\/div>\n<\/div>\n<\/div>\n<\/div>\n\n<div class=\"gb-container gb-container-dfd5be5b\">\n<div class=\"gb-container gb-container-cc2ff6c3\">\n<div class=\"gb-grid-wrapper gb-grid-wrapper-36295790\">\n<div class=\"gb-grid-column gb-grid-column-a9b11ef4\"><div class=\"gb-container gb-container-a9b11ef4\">\n\n<p class=\"gb-headline gb-headline-9c76dff8 gb-headline-text\">NOS MENUS<br>BISTRONOMIQUES<\/p>\n\n<\/div><\/div>\n\n<div class=\"gb-grid-column gb-grid-column-7e276538\"><div class=\"gb-container gb-container-7e276538\">\n\n<p class=\"gb-headline gb-headline-9701f3de gb-headline-text\">D\u00e9couvrez nos diff\u00e9rents menus bistronomiques servis midi et soir.<br>Tous nos plats sont fait maison et pr\u00e9par\u00e9s par notre Chef de cuisine avec des produits frais rigoureusement s\u00e9lectionn\u00e9s pour leur qualit\u00e9 et leur go\u00fbt. <\/p>\n\n<\/div><\/div>\n<\/div>\n\n<div class=\"gb-grid-wrapper gb-grid-wrapper-6558ed5c\">\n<div class=\"gb-grid-column gb-grid-column-7296145d\"><div class=\"gb-container gb-container-7296145d\">\n\n<p class=\"gb-headline gb-headline-11638169 gb-headline-text\">MENU<br>\u00c9MOTION<\/p>\n\n\n<div class=\"gb-container gb-container-9fcdd3f1\"><\/div>\n\n\n<p class=\"gb-headline gb-headline-446ff8ee gb-headline-text\">Entr\u00e9e + Plat ou Plat + Dessert<\/p>\n\n\n<div class=\"gb-container gb-container-5d2f04d9\">\n\n<p class=\"gb-headline gb-headline-f5ed111c gb-headline-text\">Le midi<\/p>\n\n\n\n<p class=\"gb-headline gb-headline-404a8ba8 gb-headline-text\"><strong>32.00\u20ac<\/strong><\/p>\n\n<\/div>\n\n<div class=\"gb-container gb-container-7257fcc1\">\n\n<p class=\"gb-headline gb-headline-c6c49895 gb-headline-text\">Le soir<\/p>\n\n\n\n<p class=\"gb-headline gb-headline-efa8660c gb-headline-text\"><strong>36.00\u20ac<\/strong><\/p>\n\n<\/div>\n<\/div><\/div>\n\n<div class=\"gb-grid-column gb-grid-column-9b0e4aea\"><div class=\"gb-container gb-container-9b0e4aea\">\n\n<p class=\"gb-headline gb-headline-7e07dd4f gb-headline-text\">MENU<br>GOURMET<\/p>\n\n\n<div class=\"gb-container gb-container-be661e04\"><\/div>\n\n\n<p class=\"gb-headline gb-headline-f2edf485 gb-headline-text\">Entr\u00e9e + Plat + Dessert<\/p>\n\n\n<div class=\"gb-container gb-container-6b42b44f\">\n\n<p class=\"gb-headline gb-headline-17803983 gb-headline-text\">Le midi<\/p>\n\n\n\n<p class=\"gb-headline gb-headline-5b355ead gb-headline-text\"><strong>42.00\u20ac<\/strong><\/p>\n\n<\/div>\n\n<div class=\"gb-container gb-container-0e4b8f6a\">\n\n<p class=\"gb-headline gb-headline-c3e52934 gb-headline-text\">Le soir<\/p>\n\n\n\n<p class=\"gb-headline gb-headline-df16d9d7 gb-headline-text\"><strong>45.00\u20ac<\/strong><\/p>\n\n<\/div>\n<\/div><\/div>\n\n<div class=\"gb-grid-column gb-grid-column-ac76390e\"><div class=\"gb-container gb-container-ac76390e\">\n\n<p class=\"gb-headline gb-headline-22175a7e gb-headline-text\">MENU <br>D\u00c9GUSTATION<\/p>\n\n\n<div class=\"gb-container gb-container-eb02624b\"><\/div>\n\n\n<p class=\"gb-headline gb-headline-dac50624 gb-headline-text\">Menu \u00e0 5 temps \u00e9labor\u00e9 par le Chef            <strong>70.00\u20ac<\/strong><\/p>\n\n\n\n<p><strong>3 verres<\/strong><strong>&nbsp; <\/strong><strong>18\u20ac<\/strong><strong><\/strong><\/p>\n\n\n\n<p><strong>4 verres<\/strong><strong>&nbsp; <\/strong><strong>25 \u20ac<\/strong><\/p>\n\n\n<div class=\"gb-container gb-container-66dfd8ee\">\n\n<p class=\"gb-headline gb-headline-53884a66 gb-headline-text\"><\/p>\n\n\n\n<p class=\"gb-headline gb-headline-62c6bf25 gb-headline-text\"><\/p>\n\n<\/div>\n<\/div><\/div>\n<\/div>\n\n<div class=\"gb-container gb-container-c68b4c1a\">\n\n<a class=\"gb-button gb-button-c14d08b5 gb-button-text\" href=\"https:\/\/restaurant-goulu.paris\/contact\/\">R\u00c9SERVER EN LIGNE<\/a>\n\n\n\n<a class=\"gb-button gb-button-a127da32 gb-button-text\" href=\"tel:0142504461\">01 42 50 44 61<\/a>\n\n<\/div>\n<\/div>\n\n<div class=\"gb-container gb-container-07a15961\">\n<div class=\"gb-grid-wrapper gb-grid-wrapper-783052d5\">\n<div class=\"gb-grid-column gb-grid-column-8ce51a64\"><div class=\"gb-container gb-container-8ce51a64\"><\/div><\/div>\n\n<div class=\"gb-grid-column gb-grid-column-db95b66a\"><div class=\"gb-container gb-container-db95b66a\"><\/div><\/div>\n\n<div class=\"gb-grid-column gb-grid-column-d9823dfb\"><div class=\"gb-container gb-container-d9823dfb\"><\/div><\/div>\n\n<div class=\"gb-grid-column gb-grid-column-d7c9ffd2\"><div class=\"gb-container gb-container-d7c9ffd2\"><\/div><\/div>\n\n<div class=\"gb-grid-column gb-grid-column-ffae0371\"><div class=\"gb-container gb-container-ffae0371\"><\/div><\/div>\n\n<div class=\"gb-grid-column gb-grid-column-54eb2bc6\"><div class=\"gb-container gb-container-54eb2bc6\"><\/div><\/div>\n<\/div>\n<\/div>\n\n<div class=\"gb-container gb-container-784cfd3a\">\n<div class=\"gb-grid-wrapper gb-grid-wrapper-1e7d29ed\">\n<div class=\"gb-grid-column gb-grid-column-6b6974e4\"><div class=\"gb-container gb-container-6b6974e4\">\n\n<p class=\"gb-headline gb-headline-dfb34b32 gb-headline-text\">ENTR\u00c9ES<\/p>\n\n\n\n<p>P\u00e2t\u00e9 en Croute de Canard \u00e0 la Pistache<\/p>\n\n\n\n<p class=\"gb-headline gb-headline-79e972fd gb-headline-text\">Tarte Tatin d\u2019Oignon doux sauce au Parmesan<\/p>\n\n\n\n<p>Velout\u00e9 de Butternut, Cr\u00e8me de Noix<\/p>\n\n\n\n<p class=\"gb-headline gb-headline-0216385e gb-headline-text\">Carpaccio de St-Jacques<\/p>\n\n\n\n<p class=\"gb-headline gb-headline-a28460ab gb-headline-text\">\u0152uf Bio \u201cParfait\u201d aux herbes fra\u00eeches, Poireaux crayons \u00e9tuv\u00e9s<\/p>\n\n<\/div><\/div>\n\n<div class=\"gb-grid-column gb-grid-column-6acc9554\"><div class=\"gb-container gb-container-6acc9554\">\n\n<p class=\"gb-headline gb-headline-638d83ba gb-headline-text\">PLATS<\/p>\n\n\n<div class=\"gb-container gb-container-4ac5a5b1\"><\/div>\n\n\n<p class=\"gb-headline gb-headline-9e0c85ea gb-headline-text\">Supr\u00eame de volaille r\u00f4ti<\/p>\n\n\n\n<p class=\"gb-headline gb-headline-f2f2979a gb-headline-text\"><em>Pur\u00e9e de pommes de terre, jus court<\/em><\/p>\n\n\n\n<p class=\"gb-headline gb-headline-4476adf0 gb-headline-text\">C\u00f4te de boeuf pour 2 pers<\/p>\n\n\n\n<p class=\"gb-headline gb-headline-c2d88a46 gb-headline-text\"><em>Pommes de terre Grenailles<\/em> saut\u00e9es, sauce B\u00e9arnaise<br><strong>(Suppl + 15\u20ac\/pers)<\/strong><\/p>\n\n\n\n<p>Raie aux C\u00e2pres, Choufleur<\/p>\n\n\n\n<p>Noix de Saint-Jacques po\u00eal\u00e9es<\/p>\n\n\n\n<p class=\"gb-headline gb-headline-f038d53f gb-headline-text\"><\/p>\n\n\n\n<p>Blanquette de Veau<\/p>\n\n\n\n<p><\/p>\n\n<\/div><\/div>\n\n<div class=\"gb-grid-column gb-grid-column-3ac11735\"><div class=\"gb-container gb-container-3ac11735\">\n\n<p class=\"gb-headline gb-headline-19739dc3 gb-headline-text\">DESSERTS<\/p>\n\n\n<div class=\"gb-container gb-container-c9e04a51\"><\/div>\n\n\n<p class=\"gb-headline gb-headline-5d611857 gb-headline-text\">Paris-Brest<\/p>\n\n\n\n<p class=\"gb-headline gb-headline-7b28eeaf gb-headline-text\"><em>Pralin\u00e9 \u00e0 la noisette<\/em><\/p>\n\n\n\n<p class=\"gb-headline gb-headline-131a8762 gb-headline-text\">Profiteroles Vanille Chocolat (Option sans Gluten \u00e0 la demande)<\/p>\n\n\n\n<p class=\"gb-headline gb-headline-0fdae8bf gb-headline-text\">Souffl\u00e9 au Chocolat du Mexique 70%<\/p>\n\n\n\n<p class=\"gb-headline gb-headline-7051670f gb-headline-text\">Pavlova<\/p>\n\n\n\n<p class=\"gb-headline gb-headline-000b6bae gb-headline-text\"><\/p>\n\n\n\n<p class=\"gb-headline gb-headline-cb5421af gb-headline-text\">S\u00e9lection de Fromages Affin\u00e9s La Fromagerie de Passy<\/p>\n\n<\/div><\/div>\n<\/div>\n\n<div class=\"gb-container gb-container-8e3a6769\">\n\n<a class=\"gb-button gb-button-f73114bf gb-button-text\" href=\"https:\/\/restaurant-goulu.paris\/contact\/\">R\u00c9SERVER EN LIGNE<\/a>\n\n<\/div>\n<\/div>\n<\/div>\n\n<div class=\"gb-grid-wrapper gb-grid-wrapper-d6ca2007\">\n<div class=\"gb-grid-column gb-grid-column-19c5d43f\"><div class=\"gb-container gb-container-19c5d43f\"><\/div><\/div>\n\n<div class=\"gb-grid-column gb-grid-column-5ba92971\"><div class=\"gb-container gb-container-5ba92971\">\n<div class=\"gb-container gb-container-0146ab59\">\n\n<h2 class=\"gb-headline gb-headline-1a7bbfca gb-headline-text\">UN BISTRO CHIC PARIS 15 : ENTRE TRADITION ET MODERNITE<\/h2>\n\n\n<div class=\"gb-container gb-container-a5635077\"><\/div>\n\n\n<p class=\"gb-headline gb-headline-f73a5adf gb-headline-text\"><strong>Goulu<\/strong> est bien plus qu&rsquo;un simple restaurant, c&rsquo;est un <strong>bistrot chic<\/strong> o\u00f9 l&rsquo;atmosph\u00e8re chaleureuse se marie harmonieusement avec une d\u00e9coration \u00e9l\u00e9gante et contemporaine. Situ\u00e9 dans le <strong>15\u00e8me arrondissement de Paris<\/strong>, notre \u00e9tablissement est l&rsquo;endroit id\u00e9al pour savourer une cuisine raffin\u00e9e dans un cadre d\u00e9contract\u00e9.<br>L&rsquo;ambiance chez <strong>Goulu<\/strong> est \u00e0 l&rsquo;image de notre cuisine : simple mais sophistiqu\u00e9e, accueillante mais distingu\u00e9e. Notre \u00e9quipe met tout en \u0153uvre pour que vous vous sentiez comme chez vous, que vous veniez pour un d\u00e9jeuner en semaine, un d\u00eener romantique ou une soir\u00e9e entre amis. <strong>Goulu<\/strong> est le lieu parfait pour se d\u00e9tendre et profiter d&rsquo;une <strong>exp\u00e9rience culinaire<\/strong> unique \u00e0 Paris.<\/p>\n\n<\/div>\n<\/div><\/div>\n<\/div>\n\n<div class=\"gb-container gb-container-8bdf7eaf\">\n<div class=\"gb-container gb-container-34d11c9b\">\n<div class=\"gb-grid-wrapper gb-grid-wrapper-668ecf46\">\n<div class=\"gb-grid-column gb-grid-column-64c74b83\"><div class=\"gb-container gb-container-64c74b83\">\n\n<figure class=\"gb-block-image gb-block-image-1f7c5b42\"><img decoding=\"async\" width=\"453\" height=\"603\" class=\"gb-image gb-image-1f7c5b42\" src=\"https:\/\/restaurant-goulu.paris\/wp-content\/uploads\/2024\/03\/0S6A9894-Modifier.png\" alt=\"\" title=\"0S6A9894-Modifier\" srcset=\"https:\/\/restaurant-goulu.paris\/wp-content\/uploads\/2024\/03\/0S6A9894-Modifier.png 453w, https:\/\/restaurant-goulu.paris\/wp-content\/uploads\/2024\/03\/0S6A9894-Modifier-225x300.png 225w\" sizes=\"(max-width: 453px) 100vw, 453px\" \/><\/figure>\n\n<\/div><\/div>\n\n<div class=\"gb-grid-column gb-grid-column-cb700a86\"><div class=\"gb-container gb-container-cb700a86\">\n\n<h2 class=\"gb-headline gb-headline-1176a635 gb-headline-text\"><strong>GOULUE | CUISINE BISTRONOMIQUE<\/strong><br><strong>L&rsquo;ELEGANCE DES SAVEURS FRANCAISES REVISITEES<\/strong><\/h2>\n\n\n\n<p><strong>Les Entr\u00e9es : Une Invitation aux D\u00e9lices<\/strong><\/p>\n\n\n\n<p>Chez <strong>Goulu<\/strong>, chaque repas commence par une s\u00e9lection d&rsquo;entr\u00e9es soigneusement con\u00e7ues pour \u00e9veiller vos papilles. Nos chefs prennent un plaisir particulier \u00e0 revisiter les entr\u00e9es classiques de la cuisine fran\u00e7aise, en y ajoutant des touches contemporaines qui surprennent et ravissent.<\/p>\n\n\n\n<p>Que diriez-vous de notre tartare de saumon revisit\u00e9 avec une pointe de citron vert et une mousse d&rsquo;avocat, ou encore d&rsquo;une salade de ch\u00e8vre chaud sublim\u00e9e par des noisettes grill\u00e9es et un filet de miel de lavande ? Chaque entr\u00e9e est une invitation \u00e0 d\u00e9couvrir des saveurs nouvelles, tout en respectant les traditions culinaires qui ont fait la r\u00e9putation de la gastronomie fran\u00e7aise.<\/p>\n\n\n\n<p><strong>Les Plats Principaux : La R\u00e9invention des Classiques Fran\u00e7ais<\/strong><\/p>\n\n\n\n<p>Les plats principaux chez <strong>Goulu<\/strong> sont con\u00e7us pour \u00eatre \u00e0 la fois r\u00e9confortants et innovants. Nous r\u00e9inventons les classiques de la cuisine fran\u00e7aise avec des ingr\u00e9dients de saison, choisis pour leur fra\u00eecheur et leur qualit\u00e9.<\/p>\n\n\n\n<p>Parmi nos sp\u00e9cialit\u00e9s, vous trouverez un b\u0153uf bourguignon revisit\u00e9 avec des carottes glac\u00e9es et une r\u00e9duction de vin rouge, ou encore un confit de canard servi avec une pur\u00e9e de pommes de terre truff\u00e9e. Pour les amateurs de poisson, notre filet de bar po\u00eal\u00e9, accompagn\u00e9 d&rsquo;une sauce au beurre blanc et d&rsquo;une pur\u00e9e de c\u00e9leri, est un v\u00e9ritable d\u00e9lice. Nos plats principaux sont une c\u00e9l\u00e9bration de la richesse et de la diversit\u00e9 de la cuisine fran\u00e7aise, avec une touche contemporaine qui rend chaque plat unique.<\/p>\n\n\n\n<p><strong>Les Desserts : Une Douce Fin Gourmande<\/strong><\/p>\n\n\n\n<p>Aucun repas chez <strong>Goulu<\/strong> ne serait complet sans un de nos desserts gourmands, con\u00e7us pour satisfaire les palais les plus exigeants. Nos desserts sont une fusion de tradition et de cr\u00e9ativit\u00e9, offrant des classiques revisit\u00e9s avec une touche personnelle.<\/p>\n\n\n\n<p>Parmi nos incontournables, laissez-vous tenter par notre tarte Tatin revisit\u00e9e avec une cr\u00e8me fra\u00eeche \u00e0 la vanille bourbon, ou encore notre mousse au chocolat noir, l\u00e9g\u00e8re et onctueuse, servie avec des \u00e9clats de caramel croquant. Chaque dessert est un hommage aux saveurs sucr\u00e9es de la France, r\u00e9invent\u00e9es avec \u00e9l\u00e9gance et finesse.<\/p>\n\n<\/div><\/div>\n<\/div>\n\n<div class=\"gb-grid-wrapper gb-grid-wrapper-dcf188b0\">\n<div class=\"gb-grid-column gb-grid-column-490b5ee8\"><div class=\"gb-container gb-container-490b5ee8\">\n\n<p class=\"gb-headline gb-headline-38367503 gb-headline-text\">L&rsquo;EXPERIENCE GOULU :<\/p>\n\n\n\n<p>BIEN PLUS QU&rsquo;UN REPAS<\/p>\n\n<\/div><\/div>\n\n<div class=\"gb-grid-column gb-grid-column-61c49a2d\"><div class=\"gb-container gb-container-61c49a2d\">\n\n<p class=\"gb-headline gb-headline-2de36649 gb-headline-text\">Venir chez <strong>Goulu<\/strong>, c&rsquo;est bien plus que simplement s&rsquo;attabler pour un repas. C&rsquo;est vivre une <strong>exp\u00e9rience culinaire<\/strong> inoubliable dans un <strong>restaurant \u00e0 Paris 15<\/strong> qui met \u00e0 l&rsquo;honneur l&rsquo;art de la bistronomie. Nous croyons que la cuisine est une forme d&rsquo;art, un moyen d&rsquo;expression o\u00f9 chaque plat raconte une histoire, chaque ingr\u00e9dient a un r\u00f4le \u00e0 jouer.<br>Nous nous engageons \u00e0 offrir \u00e0 nos clients une exp\u00e9rience compl\u00e8te, o\u00f9 le go\u00fbt, le service et l&rsquo;ambiance se conjuguent pour cr\u00e9er des souvenirs imp\u00e9rissables. Chez <strong>Goulu<\/strong>, chaque visite est une nouvelle d\u00e9couverte, chaque plat est une nouvelle aventure.<\/p>\n\n<\/div><\/div>\n<\/div>\n<\/div>\n<\/div>\n\n<div class=\"gb-container gb-container-4afc4b23\">\n<div class=\"gb-grid-wrapper gb-grid-wrapper-c68a0c72\">\n<div class=\"gb-grid-column gb-grid-column-adfcf688\"><div class=\"gb-container gb-container-adfcf688\"><\/div><\/div>\n\n<div class=\"gb-grid-column gb-grid-column-6714e2f6\"><div class=\"gb-container gb-container-6714e2f6\">\n<div class=\"gb-container gb-container-65aed8d8\">\n\n<h2 class=\"gb-headline gb-headline-a0888778 gb-headline-text\">Pour les business&rsquo; gourmets<br><strong>commandez &amp; emportez<\/strong><br>votre menu bistronomique<\/h2>\n\n\n<div class=\"gb-container gb-container-0e5ad91a\"><\/div>\n\n\n<p class=\"gb-headline gb-headline-3ddbd8b5 gb-headline-text\">Pour vos d\u00e9jeuners d&rsquo;affaires, r\u00e9unions ou simplement repas entre coll\u00e8gue au bureau, nous vous proposons de commander votre menu bistronomique le matin et de venir le chercher au restaurant le midi.<br>Id\u00e9al pour tous les bureaux du 15\u00e8me arrondissement de Paris et limitrophe<\/p>\n\n\n\n<a class=\"gb-button gb-button-e605418c gb-button-text\" href=\"tel:0142504461\">01 42 50 44 61<\/a>\n\n<\/div>\n<\/div><\/div>\n<\/div>\n<\/div>","protected":false},"excerpt":{"rendered":"<p>GOULUE | RESTAURANT PARIS 15 CUISINE BISTRONOMIQUE L&rsquo;ART DE LA BISTRONOMIE AU COEUR DU 15EME ARRONDISSEMENT DE PARIS<\/p>\n","protected":false},"author":4,"featured_media":0,"parent":0,"menu_order":0,"comment_status":"closed","ping_status":"closed","template":"","meta":{"_seopress_robots_primary_cat":"","_seopress_titles_title":"Restaurant Paris 15 | Goulu - Cuisine bistronomique","_seopress_titles_desc":"A la recherche d\u2019une cuisine d\u2019exception ? Goulu Restaurant Paris 15 vous propose une cuisine bistronomique !","_seopress_robots_index":"","inline_featured_image":false,"footnotes":""},"a3w-page-category":[9],"class_list":{"0":"post-766","1":"page","2":"type-page","3":"status-publish","5":"a3w-page-category-pages-avec-entete-fusionne","6":"no-featured-image-padding"},"_links":{"self":[{"href":"https:\/\/restaurant-goulu.paris\/fr\/wp-json\/wp\/v2\/pages\/766","targetHints":{"allow":["GET"]}}],"collection":[{"href":"https:\/\/restaurant-goulu.paris\/fr\/wp-json\/wp\/v2\/pages"}],"about":[{"href":"https:\/\/restaurant-goulu.paris\/fr\/wp-json\/wp\/v2\/types\/page"}],"author":[{"embeddable":true,"href":"https:\/\/restaurant-goulu.paris\/fr\/wp-json\/wp\/v2\/users\/4"}],"replies":[{"embeddable":true,"href":"https:\/\/restaurant-goulu.paris\/fr\/wp-json\/wp\/v2\/comments?post=766"}],"version-history":[{"count":1,"href":"https:\/\/restaurant-goulu.paris\/fr\/wp-json\/wp\/v2\/pages\/766\/revisions"}],"predecessor-version":[{"id":767,"href":"https:\/\/restaurant-goulu.paris\/fr\/wp-json\/wp\/v2\/pages\/766\/revisions\/767"}],"wp:attachment":[{"href":"https:\/\/restaurant-goulu.paris\/fr\/wp-json\/wp\/v2\/media?parent=766"}],"wp:term":[{"taxonomy":"a3w-page-category","embeddable":true,"href":"https:\/\/restaurant-goulu.paris\/fr\/wp-json\/wp\/v2\/a3w-page-category?post=766"}],"curies":[{"name":"wp","href":"https:\/\/api.w.org\/{rel}","templated":true}]}}