{"id":769,"date":"2024-08-21T16:19:15","date_gmt":"2024-08-21T14:19:15","guid":{"rendered":"https:\/\/restaurant-goulu.paris\/?page_id=769"},"modified":"2024-08-21T16:19:16","modified_gmt":"2024-08-21T14:19:16","slug":"bistrot-chic-paris-15","status":"publish","type":"page","link":"https:\/\/restaurant-goulu.paris\/fr\/bistrot-chic-paris-15\/","title":{"rendered":"Bistrot chic Paris 15"},"content":{"rendered":"<div class=\"gb-container gb-container-350ae209\">\n<div class=\"gb-container gb-container-7f005d40\">\n\n<h1 class=\"gb-headline gb-headline-65c09bb8 gb-headline-text\"><strong>GOULUE | BISTROT CHIC PARIS 15<br> CUISINE BISTRONOMIQUE<\/strong><\/h1>\n\n\n\n<a class=\"gb-button gb-button-ee1e5ea0 gb-button-text\" href=\"https:\/\/restaurant-goulu.paris\/contact\/\">R\u00c9SERVER<\/a>\n\n\n\n<h2 class=\"gb-headline gb-headline-479b0aca\"><span class=\"gb-icon\"><svg aria-hidden=\"true\" role=\"img\" height=\"1em\" width=\"1em\" viewBox=\"0 0 448 512\" xmlns=\"http:\/\/www.w3.org\/2000\/svg\"><path fill=\"currentColor\" d=\"M207.029 381.476L12.686 187.132c-9.373-9.373-9.373-24.569 0-33.941l22.667-22.667c9.357-9.357 24.522-9.375 33.901-.04L224 284.505l154.745-154.021c9.379-9.335 24.544-9.317 33.901.04l22.667 22.667c9.373 9.373 9.373 24.569 0 33.941L240.971 381.476c-9.373 9.372-24.569 9.372-33.942 0z\"><\/path><\/svg><\/span><\/h2>\n\n<\/div>\n<\/div>\n\n<div class=\"gb-container gb-container-6cc5bc0f\"><\/div>\n\n<div class=\"gb-container gb-container-1093dc6e\">\n<div class=\"gb-container gb-container-8d8ee117\">\n\n<h2 class=\"gb-headline gb-headline-6dcebbcc gb-headline-text\">LE BISTROT CHIC INCONTOURNABLE <br>AU COEUR DU 15EME ARRONDISSEMENT DE PARIS<\/h2>\n\n\n<div class=\"gb-grid-wrapper gb-grid-wrapper-0c360135\">\n<div class=\"gb-grid-column gb-grid-column-95ceb6de\"><div class=\"gb-container gb-container-95ceb6de\">\n\n<p class=\"gb-headline gb-headline-48985713 gb-headline-text\">UNE EXPERIENCE BISTRONOMIQUE UNIQUE AU COEUR DE PARIS 15<\/p>\n\n<\/div><\/div>\n\n<div class=\"gb-grid-column gb-grid-column-f78bb303\"><div class=\"gb-container gb-container-f78bb303\">\n\n<p>Situ\u00e9 dans l\u2019un des quartiers les plus dynamiques de la capitale, <strong>Goulu<\/strong> se pr\u00e9sente comme le <strong>bistrot chic \u00e0 Paris 15<\/strong> par excellence. Notre \u00e9tablissement r\u00e9invente l\u2019esprit traditionnel du bistrot parisien en lui insufflant une touche contemporaine, pour offrir \u00e0 nos clients une exp\u00e9rience culinaire \u00e0 la fois conviviale et raffin\u00e9e.<\/p>\n\n\n\n<p>Le concept de <strong>bistronomie<\/strong>, qui combine l\u2019authenticit\u00e9 d\u2019un bistrot et l\u2019exigence gastronomique, est au c\u0153ur de notre d\u00e9marche. Nous prenons les grands classiques de la <strong>cuisine fran\u00e7aise<\/strong> et les revisitions avec audace et cr\u00e9ativit\u00e9, toujours en respectant les saveurs et les produits qui ont fait la r\u00e9putation de la gastronomie fran\u00e7aise.<\/p>\n\n<\/div><\/div>\n<\/div>\n<\/div>\n<\/div>\n\n<div class=\"gb-container gb-container-dfd5be5b\">\n<div class=\"gb-container gb-container-cc2ff6c3\">\n<div class=\"gb-grid-wrapper gb-grid-wrapper-36295790\">\n<div class=\"gb-grid-column gb-grid-column-a9b11ef4\"><div class=\"gb-container gb-container-a9b11ef4\">\n\n<p class=\"gb-headline gb-headline-9c76dff8 gb-headline-text\">NOS MENUS<br>BISTRONOMIQUES<\/p>\n\n<\/div><\/div>\n\n<div class=\"gb-grid-column gb-grid-column-7e276538\"><div class=\"gb-container gb-container-7e276538\">\n\n<p class=\"gb-headline gb-headline-9701f3de gb-headline-text\">D\u00e9couvrez nos diff\u00e9rents menus bistronomiques servis midi et soir.<br>Tous nos plats sont fait maison et pr\u00e9par\u00e9s par notre Chef de cuisine avec des produits frais rigoureusement s\u00e9lectionn\u00e9s pour leur qualit\u00e9 et leur go\u00fbt. <\/p>\n\n<\/div><\/div>\n<\/div>\n\n<div class=\"gb-grid-wrapper gb-grid-wrapper-6558ed5c\">\n<div class=\"gb-grid-column gb-grid-column-7296145d\"><div class=\"gb-container gb-container-7296145d\">\n\n<p class=\"gb-headline gb-headline-11638169 gb-headline-text\">MENU<br>\u00c9MOTION<\/p>\n\n\n<div class=\"gb-container gb-container-9fcdd3f1\"><\/div>\n\n\n<p class=\"gb-headline gb-headline-446ff8ee gb-headline-text\">Entr\u00e9e + Plat ou Plat + Dessert<\/p>\n\n\n<div class=\"gb-container gb-container-5d2f04d9\">\n\n<p class=\"gb-headline gb-headline-f5ed111c gb-headline-text\">Le midi<\/p>\n\n\n\n<p class=\"gb-headline gb-headline-404a8ba8 gb-headline-text\"><strong>32.00\u20ac<\/strong><\/p>\n\n<\/div>\n\n<div class=\"gb-container gb-container-7257fcc1\">\n\n<p class=\"gb-headline gb-headline-c6c49895 gb-headline-text\">Le soir<\/p>\n\n\n\n<p class=\"gb-headline gb-headline-efa8660c gb-headline-text\"><strong>36.00\u20ac<\/strong><\/p>\n\n<\/div>\n<\/div><\/div>\n\n<div class=\"gb-grid-column gb-grid-column-9b0e4aea\"><div class=\"gb-container gb-container-9b0e4aea\">\n\n<p class=\"gb-headline gb-headline-7e07dd4f gb-headline-text\">MENU<br>GOURMET<\/p>\n\n\n<div class=\"gb-container gb-container-be661e04\"><\/div>\n\n\n<p class=\"gb-headline gb-headline-f2edf485 gb-headline-text\">Entr\u00e9e + Plat + Dessert<\/p>\n\n\n<div class=\"gb-container gb-container-6b42b44f\">\n\n<p class=\"gb-headline gb-headline-17803983 gb-headline-text\">Le midi<\/p>\n\n\n\n<p class=\"gb-headline gb-headline-5b355ead gb-headline-text\"><strong>42.00\u20ac<\/strong><\/p>\n\n<\/div>\n\n<div class=\"gb-container gb-container-0e4b8f6a\">\n\n<p class=\"gb-headline gb-headline-c3e52934 gb-headline-text\">Le soir<\/p>\n\n\n\n<p class=\"gb-headline gb-headline-df16d9d7 gb-headline-text\"><strong>45.00\u20ac<\/strong><\/p>\n\n<\/div>\n<\/div><\/div>\n\n<div class=\"gb-grid-column gb-grid-column-ac76390e\"><div class=\"gb-container gb-container-ac76390e\">\n\n<p class=\"gb-headline gb-headline-22175a7e gb-headline-text\">MENU <br>D\u00c9GUSTATION<\/p>\n\n\n<div class=\"gb-container gb-container-eb02624b\"><\/div>\n\n\n<p class=\"gb-headline gb-headline-dac50624 gb-headline-text\">Menu \u00e0 5 temps \u00e9labor\u00e9 par le Chef            <strong>70.00\u20ac<\/strong><\/p>\n\n\n\n<p><strong>3 verres<\/strong><strong>&nbsp; <\/strong><strong>18\u20ac<\/strong><strong><\/strong><\/p>\n\n\n\n<p><strong>4 verres<\/strong><strong>&nbsp; <\/strong><strong>25 \u20ac<\/strong><\/p>\n\n\n<div class=\"gb-container gb-container-66dfd8ee\">\n\n<p class=\"gb-headline gb-headline-53884a66 gb-headline-text\"><\/p>\n\n\n\n<p class=\"gb-headline gb-headline-62c6bf25 gb-headline-text\"><\/p>\n\n<\/div>\n<\/div><\/div>\n<\/div>\n\n<div class=\"gb-container gb-container-c68b4c1a\">\n\n<a class=\"gb-button gb-button-c14d08b5 gb-button-text\" href=\"https:\/\/restaurant-goulu.paris\/contact\/\">R\u00c9SERVER EN LIGNE<\/a>\n\n\n\n<a class=\"gb-button gb-button-a127da32 gb-button-text\" href=\"tel:0142504461\">01 42 50 44 61<\/a>\n\n<\/div>\n<\/div>\n\n<div class=\"gb-container gb-container-07a15961\">\n<div class=\"gb-grid-wrapper gb-grid-wrapper-783052d5\">\n<div class=\"gb-grid-column gb-grid-column-8ce51a64\"><div class=\"gb-container gb-container-8ce51a64\"><\/div><\/div>\n\n<div class=\"gb-grid-column gb-grid-column-db95b66a\"><div class=\"gb-container gb-container-db95b66a\"><\/div><\/div>\n\n<div class=\"gb-grid-column gb-grid-column-d9823dfb\"><div class=\"gb-container gb-container-d9823dfb\"><\/div><\/div>\n\n<div class=\"gb-grid-column gb-grid-column-d7c9ffd2\"><div class=\"gb-container gb-container-d7c9ffd2\"><\/div><\/div>\n\n<div class=\"gb-grid-column gb-grid-column-ffae0371\"><div class=\"gb-container gb-container-ffae0371\"><\/div><\/div>\n\n<div class=\"gb-grid-column gb-grid-column-54eb2bc6\"><div class=\"gb-container gb-container-54eb2bc6\"><\/div><\/div>\n<\/div>\n<\/div>\n\n<div class=\"gb-container gb-container-784cfd3a\">\n<div class=\"gb-grid-wrapper gb-grid-wrapper-1e7d29ed\">\n<div class=\"gb-grid-column gb-grid-column-6b6974e4\"><div class=\"gb-container gb-container-6b6974e4\">\n\n<p class=\"gb-headline gb-headline-dfb34b32 gb-headline-text\">ENTR\u00c9ES<\/p>\n\n\n\n<p>P\u00e2t\u00e9 en Croute de Canard \u00e0 la Pistache<\/p>\n\n\n\n<p class=\"gb-headline gb-headline-79e972fd gb-headline-text\">Tarte Tatin d\u2019Oignon doux sauce au Parmesan<\/p>\n\n\n\n<p>Velout\u00e9 de Butternut, Cr\u00e8me de Noix<\/p>\n\n\n\n<p class=\"gb-headline gb-headline-0216385e gb-headline-text\">Carpaccio de St-Jacques<\/p>\n\n\n\n<p class=\"gb-headline gb-headline-a28460ab gb-headline-text\">\u0152uf Bio \u201cParfait\u201d aux herbes fra\u00eeches, Poireaux crayons \u00e9tuv\u00e9s<\/p>\n\n<\/div><\/div>\n\n<div class=\"gb-grid-column gb-grid-column-6acc9554\"><div class=\"gb-container gb-container-6acc9554\">\n\n<p class=\"gb-headline gb-headline-638d83ba gb-headline-text\">PLATS<\/p>\n\n\n<div class=\"gb-container gb-container-4ac5a5b1\"><\/div>\n\n\n<p class=\"gb-headline gb-headline-9e0c85ea gb-headline-text\">Supr\u00eame de volaille r\u00f4ti<\/p>\n\n\n\n<p class=\"gb-headline gb-headline-f2f2979a gb-headline-text\"><em>Pur\u00e9e de pommes de terre, jus court<\/em><\/p>\n\n\n\n<p class=\"gb-headline gb-headline-4476adf0 gb-headline-text\">C\u00f4te de boeuf pour 2 pers<\/p>\n\n\n\n<p class=\"gb-headline gb-headline-c2d88a46 gb-headline-text\"><em>Pommes de terre Grenailles<\/em> saut\u00e9es, sauce B\u00e9arnaise<br><strong>(Suppl + 15\u20ac\/pers)<\/strong><\/p>\n\n\n\n<p>Raie aux C\u00e2pres, Choufleur<\/p>\n\n\n\n<p>Noix de Saint-Jacques po\u00eal\u00e9es<\/p>\n\n\n\n<p class=\"gb-headline gb-headline-f038d53f gb-headline-text\"><\/p>\n\n\n\n<p>Blanquette de Veau<\/p>\n\n\n\n<p><\/p>\n\n<\/div><\/div>\n\n<div class=\"gb-grid-column gb-grid-column-3ac11735\"><div class=\"gb-container gb-container-3ac11735\">\n\n<p class=\"gb-headline gb-headline-19739dc3 gb-headline-text\">DESSERTS<\/p>\n\n\n<div class=\"gb-container gb-container-c9e04a51\"><\/div>\n\n\n<p class=\"gb-headline gb-headline-5d611857 gb-headline-text\">Paris-Brest<\/p>\n\n\n\n<p class=\"gb-headline gb-headline-7b28eeaf gb-headline-text\"><em>Pralin\u00e9 \u00e0 la noisette<\/em><\/p>\n\n\n\n<p class=\"gb-headline gb-headline-131a8762 gb-headline-text\">Profiteroles Vanille Chocolat (Option sans Gluten \u00e0 la demande)<\/p>\n\n\n\n<p class=\"gb-headline gb-headline-0fdae8bf gb-headline-text\">Souffl\u00e9 au Chocolat du Mexique 70%<\/p>\n\n\n\n<p class=\"gb-headline gb-headline-7051670f gb-headline-text\">Pavlova<\/p>\n\n\n\n<p class=\"gb-headline gb-headline-000b6bae gb-headline-text\"><\/p>\n\n\n\n<p class=\"gb-headline gb-headline-cb5421af gb-headline-text\">S\u00e9lection de Fromages Affin\u00e9s La Fromagerie de Passy<\/p>\n\n<\/div><\/div>\n<\/div>\n\n<div class=\"gb-container gb-container-8e3a6769\">\n\n<a class=\"gb-button gb-button-f73114bf gb-button-text\" href=\"https:\/\/restaurant-goulu.paris\/contact\/\">R\u00c9SERVER EN LIGNE<\/a>\n\n<\/div>\n<\/div>\n<\/div>\n\n<div class=\"gb-grid-wrapper gb-grid-wrapper-d6ca2007\">\n<div class=\"gb-grid-column gb-grid-column-19c5d43f\"><div class=\"gb-container gb-container-19c5d43f\"><\/div><\/div>\n\n<div class=\"gb-grid-column gb-grid-column-5ba92971\"><div class=\"gb-container gb-container-5ba92971\">\n<div class=\"gb-container gb-container-0146ab59\">\n\n<h2 class=\"gb-headline gb-headline-1a7bbfca gb-headline-text\">L&rsquo;ATMOSPH\u00c8RE \u00c9L\u00c9GANTE D&rsquo;UN BISTROT CHIC PARIS 15<\/h2>\n\n\n<div class=\"gb-container gb-container-a5635077\"><\/div>\n\n\n<p class=\"gb-headline gb-headline-f73a5adf gb-headline-text\">Lorsque vous franchissez les portes de Goulu, vous entrez dans un univers o\u00f9 \u00e9l\u00e9gance et convivialit\u00e9 se c\u00f4toient harmonieusement. Ce bistrot chic, nich\u00e9 au c\u0153ur du 15\u00e8me arrondissement de Paris, se distingue par une d\u00e9coration \u00e0 la fois sobre et moderne, pens\u00e9e pour cr\u00e9er une atmosph\u00e8re chaleureuse. L\u2019\u00e9clairage tamis\u00e9, les mat\u00e9riaux nobles et les touches contemporaines conf\u00e8rent \u00e0 notre salle une ambiance \u00e0 la fois cosy et sophistiqu\u00e9e, id\u00e9ale pour des d\u00e9jeuners d\u2019affaires, des d\u00eeners romantiques ou des moments entre amis.Que vous soyez un habitant du quartier ou un visiteur de passage, Goulu &#8211; <a href=\"https:\/\/restaurant-goulu.paris\/restaurant-paris-15\/\" data-type=\"page\" data-id=\"766\">restaurant paris 15<\/a> &#8211; est l\u2019adresse incontournable pour ceux qui cherchent un bistrot chic dans le 15\u00e8me arrondissement de Paris, o\u00f9 la qualit\u00e9 de la cuisine rivalise avec le charme du lieu.<\/p>\n\n<\/div>\n<\/div><\/div>\n<\/div>\n\n<div class=\"gb-container gb-container-8bdf7eaf\">\n<div class=\"gb-container gb-container-34d11c9b\">\n<div class=\"gb-grid-wrapper gb-grid-wrapper-668ecf46\">\n<div class=\"gb-grid-column gb-grid-column-64c74b83\"><div class=\"gb-container gb-container-64c74b83\">\n\n<figure class=\"gb-block-image gb-block-image-1f7c5b42\"><img decoding=\"async\" width=\"453\" height=\"603\" class=\"gb-image gb-image-1f7c5b42\" src=\"https:\/\/restaurant-goulu.paris\/wp-content\/uploads\/2024\/03\/0S6A9894-Modifier.png\" alt=\"\" title=\"0S6A9894-Modifier\" srcset=\"https:\/\/restaurant-goulu.paris\/wp-content\/uploads\/2024\/03\/0S6A9894-Modifier.png 453w, https:\/\/restaurant-goulu.paris\/wp-content\/uploads\/2024\/03\/0S6A9894-Modifier-225x300.png 225w\" sizes=\"(max-width: 453px) 100vw, 453px\" \/><\/figure>\n\n<\/div><\/div>\n\n<div class=\"gb-grid-column gb-grid-column-cb700a86\"><div class=\"gb-container gb-container-cb700a86\">\n\n<h2 class=\"gb-headline gb-headline-1176a635 gb-headline-text\"><strong>GOULUE | CUISINE BISTRONOMIQUE<\/strong><br><strong>QUI SUBLIME LES CLASSIQUES FRAN\u00c7AIS<\/strong><\/h2>\n\n\n\n<p>Les Entr\u00e9es : L&rsquo;Esprit du Bistrot avec une Touche de Chic<\/p>\n\n\n\n<p>\u00c0 <strong>Goulu<\/strong>, chaque repas est une v\u00e9ritable aventure culinaire, commenc\u00e9e avec une s\u00e9lection d\u2019entr\u00e9es qui mettent en lumi\u00e8re notre engagement \u00e0 revisiter les classiques de la <strong>cuisine fran\u00e7aise<\/strong>. Dans l\u2019esprit d\u2019un <strong>bistrot chic \u00e0 Paris 15<\/strong>, nos chefs travaillent des ingr\u00e9dients simples avec un soin extr\u00eame, leur donnant une nouvelle vie \u00e0 travers des techniques modernes et des associations de saveurs audacieuses.<\/p>\n\n\n\n<p>Par exemple, notre \u0153uf poch\u00e9 servi avec une \u00e9mulsion de truffe noire et des copeaux de parmesan allie tradition et sophistication, tout en surprenant les papilles des plus fins gourmets. Notre terrine maison, accompagn\u00e9e de confiture d\u2019oignons rouges, fait quant \u00e0 elle le pont entre les saveurs r\u00e9confortantes du terroir et l\u2019\u00e9l\u00e9gance d\u2019un bistrot moderne.<\/p>\n\n\n\n<h4 class=\"wp-block-heading\">Les Plats Principaux : L\u2019Innovation au Service de la Tradition<\/h4>\n\n\n\n<p>Dans notre <strong>bistrot chic \u00e0 Paris 15<\/strong>, les plats principaux sont le reflet de notre volont\u00e9 de sublimer les <strong>classiques de la cuisine fran\u00e7aise<\/strong> tout en les adaptant aux go\u00fbts contemporains. Chez <strong>Goulu<\/strong>, la bistronomie prend tout son sens avec des plats aussi savoureux que surprenants, con\u00e7us pour s\u00e9duire autant les amateurs de cuisine traditionnelle que les fins gourmets \u00e0 la recherche de nouveaut\u00e9s.<\/p>\n\n\n\n<p>Laissez-vous tenter par notre version revisit\u00e9e du coq au vin, mijot\u00e9 longuement pour une tendret\u00e9 incomparable, servi avec des l\u00e9gumes de saison caram\u00e9lis\u00e9s. Notre cabillaud en cro\u00fbte d\u2019amandes, accompagn\u00e9 d\u2019une pur\u00e9e de patates douces et d\u2019un beurre citronn\u00e9, vous transportera vers une nouvelle interpr\u00e9tation des plats de poissons classiques.<\/p>\n\n\n\n<p>Chaque plat est soigneusement pr\u00e9par\u00e9 \u00e0 partir d\u2019ingr\u00e9dients frais et locaux, s\u00e9lectionn\u00e9s avec rigueur pour leur qualit\u00e9 et leur authenticit\u00e9. Nos chefs travaillent \u00e9troitement avec des producteurs locaux, afin de garantir \u00e0 nos clients une cuisine qui refl\u00e8te \u00e0 la fois les saveurs du terroir et l\u2019esprit innovant de notre <strong><a href=\"https:\/\/restaurant-goulu.paris\/le-restaurant\/\" data-type=\"page\" data-id=\"121\">bistrot chic<\/a><\/strong>.<\/p>\n\n\n\n<h4 class=\"wp-block-heading\">Les Desserts : Un Instant Gourmand et Raffin\u00e9<\/h4>\n\n\n\n<p>Parce que chaque repas m\u00e9rite une fin en beaut\u00e9, notre <strong>bistrot chic<\/strong> vous propose des desserts gourmands qui conjuguent tradition et modernit\u00e9. Nos p\u00e2tissiers rivalisent de cr\u00e9ativit\u00e9 pour r\u00e9inventer les douceurs classiques de la <strong>cuisine fran\u00e7aise<\/strong>.<\/p>\n\n\n\n<p>Laissez-vous tenter par notre Paris-Brest revisit\u00e9, o\u00f9 la p\u00e2te \u00e0 choux se m\u00eale \u00e0 une cr\u00e8me pralin\u00e9e l\u00e9g\u00e8re et a\u00e9rienne. Notre cr\u00e8me br\u00fbl\u00e9e \u00e0 la lavande, quant \u00e0 elle, apporte une note florale et raffin\u00e9e \u00e0 ce dessert embl\u00e9matique. Chaque dessert est une invitation \u00e0 prolonger l\u2019exp\u00e9rience gourmande dans l\u2019\u00e9l\u00e9gance typique de <strong>Goulu<\/strong>, votre <strong>bistrot chic \u00e0 Paris 15<\/strong>.<\/p>\n\n<\/div><\/div>\n<\/div>\n\n<div class=\"gb-grid-wrapper gb-grid-wrapper-dcf188b0\">\n<div class=\"gb-grid-column gb-grid-column-490b5ee8\"><div class=\"gb-container gb-container-490b5ee8\">\n\n<p class=\"gb-headline gb-headline-38367503 gb-headline-text\">UNE SALLE PRIVATIVE<\/p>\n\n\n\n<p>POUR VOS \u00c9V\u00c9NEMENTS<\/p>\n\n<\/div><\/div>\n\n<div class=\"gb-grid-column gb-grid-column-61c49a2d\"><div class=\"gb-container gb-container-61c49a2d\">\n\n<p class=\"gb-headline gb-headline-2de36649 gb-headline-text\">En plus d\u2019offrir une cuisine exceptionnelle dans un cadre raffin\u00e9, <strong>Goulu<\/strong> propose \u00e9galement son <strong><a href=\"https:\/\/restaurant-goulu.paris\/privatisation-professionnelle\/\" data-type=\"page\" data-id=\"127\">restaurant salle privative<\/a><\/strong> pour vos \u00e9v\u00e9nements d\u2019entreprise ou personnels. Que vous souhaitiez organiser un d\u00e9jeuner d\u2019affaires, une r\u00e9union, ou c\u00e9l\u00e9brer une occasion sp\u00e9ciale en famille ou entre amis, notre salle privative est le cadre id\u00e9al pour un \u00e9v\u00e9nement unique et personnalis\u00e9.<br>Un Lieu d\u2019Exception pour Vos R\u00e9unions d\u2019Affaires<br>Notre <strong>bistrot chic \u00e0 Paris 15<\/strong> est un choix parfait pour vos \u00e9v\u00e9nements professionnels. Nous mettons \u00e0 disposition une <strong>salle privative<\/strong> qui offre un cadre \u00e0 la fois \u00e9l\u00e9gant et intime, id\u00e9al pour des r\u00e9unions d&rsquo;affaires ou des repas d&rsquo;\u00e9quipe dans une atmosph\u00e8re chaleureuse.<br>Le service est enti\u00e8rement personnalis\u00e9 pour r\u00e9pondre aux besoins de votre entreprise. Nous proposons des menus adapt\u00e9s et des formules sur mesure, \u00e9labor\u00e9es par nos chefs pour offrir \u00e0 vos convives une <strong>exp\u00e9rience culinaire<\/strong> inoubliable. Dans un cadre professionnel et discret, <strong>Goulu<\/strong> garantit que vos \u00e9v\u00e9nements d\u2019entreprise se d\u00e9roulent dans les meilleures conditions.<br>C\u00e9l\u00e9brations Personnelles dans un Cadre Chic<br>Pour vos \u00e9v\u00e9nements personnels, qu&rsquo;il s&rsquo;agisse d&rsquo;un anniversaire, d&rsquo;un mariage ou d\u2019une soir\u00e9e sp\u00e9ciale, <strong>Goulu<\/strong> est le lieu parfait pour c\u00e9l\u00e9brer en toute intimit\u00e9. En privatisant notre salle, vous b\u00e9n\u00e9ficierez d\u2019un cadre \u00e9l\u00e9gant et cosy, id\u00e9al pour accueillir vos invit\u00e9s dans l\u2019atmosph\u00e8re conviviale de notre <strong>bistrot chic<\/strong>.<br>Nous travaillons avec vous pour cr\u00e9er un menu personnalis\u00e9, en tenant compte de vos pr\u00e9f\u00e9rences et de celles de vos invit\u00e9s, afin que votre \u00e9v\u00e9nement soit inoubliable. Notre \u00e9quipe se charge de tout, de la d\u00e9coration au service, pour que vous puissiez profiter pleinement de ce moment unique avec vos proches.<\/p>\n\n<\/div><\/div>\n<\/div>\n<\/div>\n<\/div>\n\n<div class=\"gb-container gb-container-4afc4b23\">\n<div class=\"gb-grid-wrapper gb-grid-wrapper-c68a0c72\">\n<div class=\"gb-grid-column gb-grid-column-adfcf688\"><div class=\"gb-container gb-container-adfcf688\"><\/div><\/div>\n\n<div class=\"gb-grid-column gb-grid-column-6714e2f6\"><div class=\"gb-container gb-container-6714e2f6\">\n<div class=\"gb-container gb-container-65aed8d8\">\n\n<h2 class=\"gb-headline gb-headline-a0888778 gb-headline-text\">Pour les business&rsquo; gourmets<br><strong>commandez &amp; emportez<\/strong><br>votre menu bistronomique<\/h2>\n\n\n<div class=\"gb-container gb-container-0e5ad91a\"><\/div>\n\n\n<p class=\"gb-headline gb-headline-3ddbd8b5 gb-headline-text\">Pour vos d\u00e9jeuners d&rsquo;affaires, r\u00e9unions ou simplement repas entre coll\u00e8gue au bureau, nous vous proposons de commander votre menu bistronomique le matin et de venir le chercher au restaurant le midi.<br>Id\u00e9al pour tous les bureaux du 15\u00e8me arrondissement de Paris et limitrophe<\/p>\n\n\n\n<a class=\"gb-button gb-button-e605418c gb-button-text\" href=\"tel:0142504461\">01 42 50 44 61<\/a>\n\n<\/div>\n<\/div><\/div>\n<\/div>\n<\/div>","protected":false},"excerpt":{"rendered":"<p>GOULUE | BISTROT CHIC PARIS 15 CUISINE BISTRONOMIQUE LE BISTROT CHIC INCONTOURNABLE AU COEUR DU 15EME ARRONDISSEMENT DE PARIS<\/p>\n","protected":false},"author":4,"featured_media":0,"parent":0,"menu_order":0,"comment_status":"closed","ping_status":"closed","template":"","meta":{"_seopress_robots_primary_cat":"","_seopress_titles_title":"Bistrot Chic Paris 15 | Goulu - Cuisine bistronomique","_seopress_titles_desc":"A la recherche d\u2019un bistrot chic paris 15 ? Goulu vous accueille tous les jours pour d\u00e9guster sa cuisine bistronomique au coeur du 15\u00e8me arrondissement","_seopress_robots_index":"","inline_featured_image":false,"footnotes":""},"a3w-page-category":[9],"class_list":{"0":"post-769","1":"page","2":"type-page","3":"status-publish","5":"a3w-page-category-pages-avec-entete-fusionne","6":"no-featured-image-padding"},"_links":{"self":[{"href":"https:\/\/restaurant-goulu.paris\/fr\/wp-json\/wp\/v2\/pages\/769","targetHints":{"allow":["GET"]}}],"collection":[{"href":"https:\/\/restaurant-goulu.paris\/fr\/wp-json\/wp\/v2\/pages"}],"about":[{"href":"https:\/\/restaurant-goulu.paris\/fr\/wp-json\/wp\/v2\/types\/page"}],"author":[{"embeddable":true,"href":"https:\/\/restaurant-goulu.paris\/fr\/wp-json\/wp\/v2\/users\/4"}],"replies":[{"embeddable":true,"href":"https:\/\/restaurant-goulu.paris\/fr\/wp-json\/wp\/v2\/comments?post=769"}],"version-history":[{"count":1,"href":"https:\/\/restaurant-goulu.paris\/fr\/wp-json\/wp\/v2\/pages\/769\/revisions"}],"predecessor-version":[{"id":770,"href":"https:\/\/restaurant-goulu.paris\/fr\/wp-json\/wp\/v2\/pages\/769\/revisions\/770"}],"wp:attachment":[{"href":"https:\/\/restaurant-goulu.paris\/fr\/wp-json\/wp\/v2\/media?parent=769"}],"wp:term":[{"taxonomy":"a3w-page-category","embeddable":true,"href":"https:\/\/restaurant-goulu.paris\/fr\/wp-json\/wp\/v2\/a3w-page-category?post=769"}],"curies":[{"name":"wp","href":"https:\/\/api.w.org\/{rel}","templated":true}]}}