{"id":772,"date":"2024-08-21T16:28:50","date_gmt":"2024-08-21T14:28:50","guid":{"rendered":"https:\/\/restaurant-goulu.paris\/?page_id=772"},"modified":"2024-08-21T16:28:51","modified_gmt":"2024-08-21T14:28:51","slug":"restaurant-salle-privative","status":"publish","type":"page","link":"https:\/\/restaurant-goulu.paris\/fr\/restaurant-salle-privative\/","title":{"rendered":"Restaurant salle privative"},"content":{"rendered":"<div class=\"gb-container gb-container-b56d9d87\">\n<div class=\"gb-container gb-container-1197b9ab\">\n\n<h1 class=\"gb-headline gb-headline-8b519e14 gb-headline-text\"><strong>GOULUE | RESTAURANT <\/strong><br><strong>SALLE PRIVATIVE &#8211; PARIS 15<\/strong><\/h1>\n\n\n\n<a class=\"gb-button gb-button-529e34b4 gb-button-text\" href=\"https:\/\/restaurant-goulu.paris\/contact\/\">R\u00c9SERVER<\/a>\n\n\n\n<h2 class=\"gb-headline gb-headline-d800b2a5\"><span class=\"gb-icon\"><svg aria-hidden=\"true\" role=\"img\" height=\"1em\" width=\"1em\" viewBox=\"0 0 448 512\" xmlns=\"http:\/\/www.w3.org\/2000\/svg\"><path fill=\"currentColor\" d=\"M207.029 381.476L12.686 187.132c-9.373-9.373-9.373-24.569 0-33.941l22.667-22.667c9.357-9.357 24.522-9.375 33.901-.04L224 284.505l154.745-154.021c9.379-9.335 24.544-9.317 33.901.04l22.667 22.667c9.373 9.373 9.373 24.569 0 33.941L240.971 381.476c-9.373 9.372-24.569 9.372-33.942 0z\"><\/path><\/svg><\/span><\/h2>\n\n<\/div>\n<\/div>\n\n<div class=\"gb-container gb-container-64ca66b1\">\n<div class=\"gb-container gb-container-1a2c8e36\"><\/div>\n<\/div>\n\n<div class=\"gb-container gb-container-34bbfec4\">\n<div class=\"gb-container gb-container-838e4062\">\n\n<h2 class=\"gb-headline gb-headline-ee06edf8 gb-headline-text\"><strong>Goulu : Votre Restaurant Salle Privative<\/strong><\/h2>\n\n\n\n<h2 class=\"wp-block-heading has-text-align-center\"><strong>au C\u0153ur du 15\u00e8me Arrondissement de Paris<\/strong><\/h2>\n\n\n\n<h2 class=\"gb-headline gb-headline-3ff5acd5 gb-headline-text\">Un Lieu Unique pour Vivre une Exp\u00e9rience Culinaire Inoubliable<\/h2>\n\n<\/div>\n<\/div>\n\n<div class=\"gb-container gb-container-d4bbda3e\">\n<div class=\"gb-container gb-container-5d1be52c\">\n<div class=\"gb-grid-wrapper gb-grid-wrapper-d64a8185\">\n<div class=\"gb-grid-column gb-grid-column-6b655335\"><div class=\"gb-container gb-container-6b655335\">\n\n<figure class=\"gb-block-image gb-block-image-52dc1958\"><img decoding=\"async\" width=\"453\" height=\"556\" class=\"gb-image gb-image-52dc1958\" src=\"https:\/\/restaurant-goulu.paris\/wp-content\/uploads\/2024\/03\/Groupe-190.png\" alt=\"\" title=\"Groupe 190\" srcset=\"https:\/\/restaurant-goulu.paris\/wp-content\/uploads\/2024\/03\/Groupe-190.png 453w, https:\/\/restaurant-goulu.paris\/wp-content\/uploads\/2024\/03\/Groupe-190-244x300.png 244w\" sizes=\"(max-width: 453px) 100vw, 453px\" \/><\/figure>\n\n<\/div><\/div>\n\n<div class=\"gb-grid-column gb-grid-column-0306fd6f\"><div class=\"gb-container gb-container-0306fd6f\">\n\n<h2 class=\"gb-headline gb-headline-d1569858 gb-headline-text\"><strong>RESTAURANT SALLE PRIVATIVE PARIS 15 : ID\u00c9AL POUR VOS \u00c9V\u00c9NEMENTS<\/strong><\/h2>\n\n\n\n<p>Chez <strong>Goulu<\/strong>, nous avons \u00e0 c\u0153ur de vous offrir plus qu&rsquo;un simple repas. En tant que <strong><a href=\"https:\/\/restaurant-goulu.paris\/privatisation-professionnelle\/\" data-type=\"page\" data-id=\"127\">restaurant salle privative<\/a><\/strong> situ\u00e9 dans le 15\u00e8me arrondissement de Paris, nous mettons \u00e0 disposition un espace exclusif pour tous vos \u00e9v\u00e9nements, qu&rsquo;ils soient professionnels ou personnels. Notre salle privative est con\u00e7ue pour accueillir vos invit\u00e9s dans un cadre \u00e9l\u00e9gant et intimiste, id\u00e9al pour toutes les occasions.<\/p>\n\n\n\n<p>Qu&rsquo;il s&rsquo;agisse d&rsquo;une r\u00e9union d&rsquo;affaires, d&rsquo;un anniversaire, d&rsquo;un mariage ou d&rsquo;un d\u00eener entre amis, notre <strong>restaurant salle privative<\/strong> est l&rsquo;endroit parfait pour cr\u00e9er des souvenirs m\u00e9morables. La privatisation de notre salle vous garantit une exp\u00e9rience sur mesure, o\u00f9 chaque d\u00e9tail est pens\u00e9 pour r\u00e9pondre \u00e0 vos attentes.<\/p>\n\n\n<div class=\"gb-grid-wrapper gb-grid-wrapper-2cc5472b\">\n<div class=\"gb-grid-column gb-grid-column-218ee367\"><div class=\"gb-container gb-container-218ee367\">\n\n<figure class=\"gb-block-image gb-block-image-645ce213\"><img decoding=\"async\" width=\"138\" height=\"138\" class=\"gb-image gb-image-645ce213\" src=\"https:\/\/restaurant-goulu.paris\/wp-content\/uploads\/2024\/03\/Groupe-1.svg\" alt=\"\" title=\"Groupe -1\"\/><\/figure>\n\n\n<div class=\"gb-container gb-container-7dbe0a84\">\n\n<p class=\"gb-headline gb-headline-95d91bca gb-headline-text\"><strong>35<\/strong><\/p>\n\n<\/div>\n\n\n<p class=\"gb-headline gb-headline-9a69e62b gb-headline-text\">CAPACIT\u00c9 <br>PLACE ASSISE<br><\/p>\n\n<\/div><\/div>\n\n<div class=\"gb-grid-column gb-grid-column-379affe9\"><div class=\"gb-container gb-container-379affe9\">\n\n<figure class=\"gb-block-image gb-block-image-8b56a675\"><img decoding=\"async\" width=\"138\" height=\"138\" class=\"gb-image gb-image-8b56a675\" src=\"https:\/\/restaurant-goulu.paris\/wp-content\/uploads\/2024\/03\/Groupe-1.svg\" alt=\"\" title=\"Groupe -1\"\/><\/figure>\n\n\n<div class=\"gb-container gb-container-78cee8c3\">\n\n<p class=\"gb-headline gb-headline-d06d1bb3 gb-headline-text\"><strong>45<\/strong><\/p>\n\n<\/div>\n\n\n<p class=\"gb-headline gb-headline-d6ca4d78 gb-headline-text\">CAPACIT\u00c9 <br>PLACE DEBOUT<br><\/p>\n\n<\/div><\/div>\n<\/div>\n<\/div><\/div>\n<\/div>\n<\/div>\n<\/div>\n\n<div class=\"gb-container gb-container-7c6b6cdf\">\n<div class=\"gb-container gb-container-213d1be5\">\n<div class=\"gb-container gb-container-26afdac9\">\n<div class=\"gb-grid-wrapper gb-grid-wrapper-2f1fa1ae\">\n<div class=\"gb-grid-column gb-grid-column-9a8827c4\"><div class=\"gb-container gb-container-9a8827c4\">\n\n<p class=\"gb-headline gb-headline-970aa845 gb-headline-text\">R\u00c9UNIONS D&rsquo;AFFAIRES<\/p>\n\n<\/div><\/div>\n\n<div class=\"gb-grid-column gb-grid-column-43e4d150\"><div class=\"gb-container gb-container-43e4d150\">\n\n<p class=\"gb-headline gb-headline-5ecc441f gb-headline-text\">Dans le cadre d&rsquo;un \u00e9v\u00e9nement professionnel, trouver le bon lieu est essentiel pour garantir son succ\u00e8s. <strong>Goulu<\/strong> se distingue comme un <strong>restaurant salle privative<\/strong> dans le <strong>15\u00e8me arrondissement de Paris<\/strong> capable de r\u00e9pondre \u00e0 vos besoins sp\u00e9cifiques. Que vous planifiez une r\u00e9union d&rsquo;affaires, un s\u00e9minaire ou un d\u00e9jeuner d&rsquo;\u00e9quipe, notre salle privative offre un environnement propice \u00e0 la concentration et aux \u00e9changes.<br>Notre espace est modulable selon vos besoins, avec une capacit\u00e9 d&rsquo;accueil adapt\u00e9e \u00e0 la taille de votre groupe. En choisissant <strong>Goulu<\/strong> pour vos \u00e9v\u00e9nements d&rsquo;entreprise, vous b\u00e9n\u00e9ficiez non seulement d&rsquo;un cadre \u00e9l\u00e9gant et professionnel, mais aussi de la possibilit\u00e9 de d\u00e9guster des plats bistronomiques raffin\u00e9s, pr\u00e9par\u00e9s avec soin par notre \u00e9quipe de chefs passionn\u00e9s.<\/p>\n\n<\/div><\/div>\n<\/div>\n<\/div>\n\n<div class=\"gb-container gb-container-23f83c11\">\n<div class=\"gb-grid-wrapper gb-grid-wrapper-b0f5c6a2\">\n<div class=\"gb-grid-column gb-grid-column-ff2eddbd\"><div class=\"gb-container gb-container-ff2eddbd\">\n\n<p class=\"gb-headline gb-headline-2557493a gb-headline-text\">\u00c9V\u00c9NEMENTS D&rsquo;ENTREPRISE<\/p>\n\n<\/div><\/div>\n\n<div class=\"gb-grid-column gb-grid-column-6ac8e4d9\"><div class=\"gb-container gb-container-6ac8e4d9\">\n\n<p class=\"gb-headline gb-headline-983b2a7a gb-headline-text\">Au-del\u00e0 de l&rsquo;aspect culinaire, <strong>Goulu<\/strong> met un point d&rsquo;honneur \u00e0 offrir un service sur mesure pour chacun de vos \u00e9v\u00e9nements. Nous savons que chaque entreprise a des besoins et des attentes sp\u00e9cifiques, c&rsquo;est pourquoi nous travaillons en \u00e9troite collaboration avec vous pour personnaliser chaque aspect de votre \u00e9v\u00e9nement. De l&rsquo;agencement de la salle \u00e0 la s\u00e9lection du menu, nous veillons \u00e0 ce que tout soit parfait pour impressionner vos invit\u00e9s et r\u00e9pondre \u00e0 vos objectifs.<br>La <strong>privatisation<\/strong> de notre salle vous permet de b\u00e9n\u00e9ficier d&rsquo;un espace exclusif, o\u00f9 votre \u00e9quipe peut se concentrer, \u00e9changer et se d\u00e9tendre sans interruption. Avec <strong>Goulu<\/strong>, votre \u00e9v\u00e9nement professionnel prend une dimension unique dans un <strong>restaurant salle privative<\/strong> au charme in\u00e9gal\u00e9.<\/p>\n\n<\/div><\/div>\n<\/div>\n<\/div>\n\n<div class=\"gb-container gb-container-7b5c465a\">\n<div class=\"gb-grid-wrapper gb-grid-wrapper-2a6beaba\">\n<div class=\"gb-grid-column gb-grid-column-2e256cdd\"><div class=\"gb-container gb-container-2e256cdd\">\n\n<p class=\"gb-headline gb-headline-d1da540e gb-headline-text\">\u00c9V\u00c9NEMENTS PERSONNELS<\/p>\n\n<\/div><\/div>\n\n<div class=\"gb-grid-column gb-grid-column-aedfb4ba\"><div class=\"gb-container gb-container-aedfb4ba\">\n\n<p class=\"gb-headline gb-headline-276a1bad gb-headline-text\">Les moments de la vie qui m\u00e9ritent d&rsquo;\u00eatre c\u00e9l\u00e9br\u00e9s m\u00e9ritent aussi un lieu \u00e0 la hauteur de leur importance. Chez <strong>Goulu<\/strong>, notre <strong>restaurant salle privative<\/strong> \u00e0 Paris 15 est l&rsquo;endroit id\u00e9al pour accueillir vos \u00e9v\u00e9nements personnels dans une atmosph\u00e8re chaleureuse et conviviale. Que ce soit pour un anniversaire, un bapt\u00eame, un mariage ou une simple r\u00e9union de famille, notre salle privative offre l&rsquo;intimit\u00e9 n\u00e9cessaire pour profiter pleinement de vos proches.<br>En choisissant <strong>Goulu<\/strong>, vous optez pour un espace o\u00f9 chaque d\u00e9tail est pens\u00e9 pour cr\u00e9er une ambiance qui vous ressemble. Nous travaillons avec vous pour personnaliser votre \u00e9v\u00e9nement<\/p>\n\n<\/div><\/div>\n<\/div>\n<\/div>\n<\/div>\n<\/div>\n\n<div class=\"gb-container gb-container-17a182a7\">\n<div class=\"gb-grid-wrapper gb-grid-wrapper-c68a0c72\">\n<div class=\"gb-grid-column gb-grid-column-adfcf688\"><div class=\"gb-container gb-container-adfcf688\">\n\n<figure class=\"gb-block-image gb-block-image-6711c77e\"><img decoding=\"async\" width=\"258\" height=\"93\" class=\"gb-image gb-image-6711c77e\" src=\"https:\/\/restaurant-goulu.paris\/wp-content\/uploads\/2024\/03\/logo-bas-de-page-restaurant-goulue.svg\" alt=\"\" title=\"logo-bas-de-page-restaurant-goulue\"\/><\/figure>\n\n<\/div><\/div>\n\n<div class=\"gb-grid-column gb-grid-column-6714e2f6\"><div class=\"gb-container gb-container-6714e2f6\">\n<div class=\"gb-container gb-container-65aed8d8\">\n\n<h2 class=\"gb-headline gb-headline-a0888778 gb-headline-text\">UN RENSEIGNEMENT ?<br>UNE QUESTION ?<br><strong>CONTACTEZ-NOUS<\/strong><\/h2>\n\n\n\n<div class=\"wp-block-contact-form-7-contact-form-selector\">\n<div class=\"wpcf7 no-js\" id=\"wpcf7-f46-o1\" lang=\"fr-FR\" dir=\"ltr\" data-wpcf7-id=\"46\">\n<div class=\"screen-reader-response\"><p role=\"status\" aria-live=\"polite\" aria-atomic=\"true\"><\/p> <ul><\/ul><\/div>\n<form action=\"\/fr\/wp-json\/wp\/v2\/pages\/772#wpcf7-f46-o1\" method=\"post\" class=\"wpcf7-form init\" aria-label=\"Formulaire de contact\" novalidate=\"novalidate\" data-status=\"init\">\n<fieldset class=\"hidden-fields-container\"><input type=\"hidden\" name=\"_wpcf7\" value=\"46\" \/><input type=\"hidden\" name=\"_wpcf7_version\" value=\"6.1.5\" \/><input type=\"hidden\" name=\"_wpcf7_locale\" value=\"fr_FR\" \/><input type=\"hidden\" name=\"_wpcf7_unit_tag\" value=\"wpcf7-f46-o1\" \/><input type=\"hidden\" name=\"_wpcf7_container_post\" value=\"0\" \/><input type=\"hidden\" name=\"_wpcf7_posted_data_hash\" value=\"\" \/>\n<\/fieldset>\n<div class=\"form-row\"><span class=\"wpcf7-form-control-wrap\" data-name=\"nomprenom\"  title=\"Nom Pr\u00e9nom\" ><input size=\"40\" maxlength=\"400\" class=\"wpcf7-form-control wpcf7-text wpcf7-validates-as-required\" aria-required=\"true\" aria-invalid=\"false\" placeholder=\"Nom Pr\u00e9nom *\" value=\"\" type=\"text\" name=\"nomprenom\"  title=\"Nom Pr\u00e9nom\"  \/><\/span><\/div>\n<div class=\"form-row --grid\"><span class=\"wpcf7-form-control-wrap\" data-name=\"societe\"  title=\"Soci\u00e9t\u00e9\" ><input size=\"40\" maxlength=\"400\" class=\"wpcf7-form-control wpcf7-text\" aria-invalid=\"false\" placeholder=\"Soci\u00e9t\u00e9\" value=\"\" type=\"text\" name=\"societe\"  title=\"Soci\u00e9t\u00e9\"  \/><\/span><\/div>\n<div class=\"form-row --grid\"><span class=\"wpcf7-form-control-wrap\" data-name=\"email\"  title=\"E-mail\" ><input size=\"40\" maxlength=\"400\" class=\"wpcf7-form-control wpcf7-email wpcf7-validates-as-required wpcf7-text wpcf7-validates-as-email\" aria-required=\"true\" aria-invalid=\"false\" placeholder=\"E-mail *\" value=\"\" type=\"email\" name=\"email\"  title=\"E-mail\"  \/><\/span><\/div>\n<div class=\"form-row --grid\"><span class=\"wpcf7-form-control-wrap\" data-name=\"tel\"  title=\"T\u00e9l\u00e9phone\" ><input size=\"40\" maxlength=\"400\" class=\"wpcf7-form-control wpcf7-tel wpcf7-validates-as-required wpcf7-text wpcf7-validates-as-tel\" aria-required=\"true\" aria-invalid=\"false\" placeholder=\"T\u00e9l\u00e9phone *\" value=\"\" type=\"tel\" name=\"tel\"  title=\"T\u00e9l\u00e9phone\"  \/><\/span><\/div>\n<div class=\"form-row --wide\"><span class=\"wpcf7-form-control-wrap\" data-name=\"message\"  title=\"Message\" ><textarea cols=\"40\" rows=\"5\" maxlength=\"2000\" class=\"wpcf7-form-control wpcf7-textarea wpcf7-validates-as-required\" aria-required=\"true\" aria-invalid=\"false\" placeholder=\"Message *\" name=\"message\"  title=\"Message\" ><\/textarea><\/span><\/div>\n<div class=\"cf7-cf-turnstile\" style=\"margin-top: 0px; margin-bottom: -15px;\"> <div id=\"cf-turnstile-cf7-2202160821\" class=\"cf-turnstile\" data-sitekey=\"0x4AAAAAAAQ7UMIKtx7lyqyu\" data-theme=\"light\" data-language=\"auto\" data-size=\"\" data-retry=\"auto\" data-retry-interval=\"1000\" data-refresh-expired=\"auto\" data-refresh-timeout=\"auto\" data-action=\"contact-form-7\" data-callback=\"turnstileCF7Callback\" data-appearance=\"always\"><\/div> <script>document.addEventListener(\"DOMContentLoaded\", function() { setTimeout(function(){ var e=document.getElementById(\"cf-turnstile-cf7-2202160821\"); if(e&&!e.innerHTML.trim()){turnstile.render(e, {sitekey:\"0x4AAAAAAAQ7UMIKtx7lyqyu\"});} }, 200); });<\/script> <br class=\"cf-turnstile-br cf-turnstile-br-cf7-2202160821\"> <style>#cf-turnstile-cf7-2202160821 { margin-left: -15px; }<\/style> <script>document.addEventListener(\"DOMContentLoaded\",function(){document.querySelectorAll('.wpcf7-form').forEach(function(e){e.addEventListener('submit',function(){if(document.getElementById('cf-turnstile-cf7-2202160821')){setTimeout(function(){turnstile.reset('#cf-turnstile-cf7-2202160821');},1000)}})})});<\/script> <\/div>\n<div class=\"form-row --wide\"><span class=\"wpcf7-form-control-wrap\" data-name=\"rgpd\"><span class=\"wpcf7-form-control wpcf7-acceptance\"><span class=\"wpcf7-list-item\"><label><input type=\"checkbox\" name=\"rgpd\" value=\"1\" aria-invalid=\"false\" \/><span class=\"wpcf7-list-item-label\">J'autorise <b>Restaurant Goulu<\/b> \u00e0 traiter les donn\u00e9es personnelles renseign\u00e9es dans le but de r\u00e9pondre \u00e0 la demande et \u00e0 conserver ces donn\u00e9es conform\u00e9ment aux dispositions indiqu\u00e9es dans la <a href=\"https:\/\/restaurant-goulu.paris\/politique-de-confidentialite\/\" target=\"_blank\">politique de confidentialit\u00e9<\/a>.<\/span><\/label><\/span><\/span><\/span><\/div>\n<div class=\"submit-wrapper\"><input class=\"wpcf7-form-control wpcf7-submit has-spinner btn\" type=\"submit\" value=\"Envoyer\" \/><\/div><div class=\"wpcf7-response-output\" aria-hidden=\"true\"><\/div>\n<\/form>\n<\/div>\n<\/div>\n\n<\/div>\n<\/div><\/div>\n<\/div>\n<\/div>\n\n<div class=\"gb-container gb-container-68c72865\">\n<div class=\"gb-grid-wrapper gb-grid-wrapper-56959425\">\n<div class=\"gb-grid-column gb-grid-column-2512fe2e\"><div class=\"gb-container gb-container-2512fe2e\">\n\n<figure class=\"gb-block-image gb-block-image-148f5961\"><img decoding=\"async\" width=\"279\" height=\"600\" class=\"gb-image gb-image-148f5961\" src=\"https:\/\/restaurant-goulu.paris\/wp-content\/uploads\/2024\/03\/Groupe-169.png\" alt=\"\" title=\"Groupe 169\" srcset=\"https:\/\/restaurant-goulu.paris\/wp-content\/uploads\/2024\/03\/Groupe-169.png 279w, https:\/\/restaurant-goulu.paris\/wp-content\/uploads\/2024\/03\/Groupe-169-140x300.png 140w\" sizes=\"(max-width: 279px) 100vw, 279px\" \/><\/figure>\n\n<\/div><\/div>\n\n<div class=\"gb-grid-column gb-grid-column-fc939ece\"><div class=\"gb-container gb-container-fc939ece\">\n\n<figure class=\"gb-block-image gb-block-image-61053916\"><img decoding=\"async\" width=\"533\" height=\"280\" class=\"gb-image gb-image-61053916\" src=\"https:\/\/restaurant-goulu.paris\/wp-content\/uploads\/2024\/03\/0S6A9960.png\" alt=\"\" title=\"0S6A9960\" srcset=\"https:\/\/restaurant-goulu.paris\/wp-content\/uploads\/2024\/03\/0S6A9960.png 533w, https:\/\/restaurant-goulu.paris\/wp-content\/uploads\/2024\/03\/0S6A9960-300x158.png 300w\" sizes=\"(max-width: 533px) 100vw, 533px\" \/><\/figure>\n\n\n\n<figure class=\"gb-block-image gb-block-image-89f72db9\"><img decoding=\"async\" width=\"280\" height=\"286\" class=\"gb-image gb-image-89f72db9\" src=\"https:\/\/restaurant-goulu.paris\/wp-content\/uploads\/2024\/03\/Groupe-170.png\" alt=\"\" title=\"Groupe 170\"\/><\/figure>\n\n\n\n<figure class=\"gb-block-image gb-block-image-1631986a\"><img decoding=\"async\" width=\"533\" height=\"289\" class=\"gb-image gb-image-1631986a\" src=\"https:\/\/restaurant-goulu.paris\/wp-content\/uploads\/2024\/03\/0S6A9962.png\" alt=\"\" title=\"0S6A9962\" srcset=\"https:\/\/restaurant-goulu.paris\/wp-content\/uploads\/2024\/03\/0S6A9962.png 533w, https:\/\/restaurant-goulu.paris\/wp-content\/uploads\/2024\/03\/0S6A9962-300x163.png 300w\" sizes=\"(max-width: 533px) 100vw, 533px\" \/><\/figure>\n\n<\/div><\/div>\n\n<div class=\"gb-grid-column gb-grid-column-841e5dfc\"><div class=\"gb-container gb-container-841e5dfc\">\n\n<figure class=\"gb-block-image gb-block-image-28602bb0\"><img decoding=\"async\" width=\"429\" height=\"295\" class=\"gb-image gb-image-28602bb0\" src=\"https:\/\/restaurant-goulu.paris\/wp-content\/uploads\/2024\/03\/Groupe-173.png\" alt=\"\" title=\"Groupe 173\" srcset=\"https:\/\/restaurant-goulu.paris\/wp-content\/uploads\/2024\/03\/Groupe-173.png 429w, https:\/\/restaurant-goulu.paris\/wp-content\/uploads\/2024\/03\/Groupe-173-300x206.png 300w\" sizes=\"(max-width: 429px) 100vw, 429px\" \/><\/figure>\n\n\n\n<figure class=\"gb-block-image gb-block-image-ba17f9a1\"><img decoding=\"async\" width=\"429\" height=\"295\" class=\"gb-image gb-image-ba17f9a1\" src=\"https:\/\/restaurant-goulu.paris\/wp-content\/uploads\/2024\/03\/Groupe-174.png\" alt=\"\" title=\"Groupe 174\" srcset=\"https:\/\/restaurant-goulu.paris\/wp-content\/uploads\/2024\/03\/Groupe-174.png 429w, https:\/\/restaurant-goulu.paris\/wp-content\/uploads\/2024\/03\/Groupe-174-300x206.png 300w\" sizes=\"(max-width: 429px) 100vw, 429px\" \/><\/figure>\n\n<\/div><\/div>\n<\/div>\n<\/div>","protected":false},"excerpt":{"rendered":"<p>GOULUE | RESTAURANT SALLE PRIVATIVE &#8211; PARIS 15 Goulu : Votre Restaurant Salle Privative au C\u0153ur du 15\u00e8me Arrondissement de Paris Un Lieu Unique pour Vivre une Exp\u00e9rience Culinaire Inoubliable<\/p>\n","protected":false},"author":4,"featured_media":0,"parent":0,"menu_order":0,"comment_status":"closed","ping_status":"closed","template":"","meta":{"_seopress_robots_primary_cat":"","_seopress_titles_title":"Restaurant salle privative | Goulu - Paris 15","_seopress_titles_desc":"A la recherche d'un restaurant avec salle privative paris 15 ? Goulu est le lieu id\u00e9al pour vos \u00e9v\u00e8nements pro ou personnels.","_seopress_robots_index":"","inline_featured_image":false,"footnotes":""},"a3w-page-category":[9],"class_list":{"0":"post-772","1":"page","2":"type-page","3":"status-publish","5":"a3w-page-category-pages-avec-entete-fusionne","6":"no-featured-image-padding"},"_links":{"self":[{"href":"https:\/\/restaurant-goulu.paris\/fr\/wp-json\/wp\/v2\/pages\/772","targetHints":{"allow":["GET"]}}],"collection":[{"href":"https:\/\/restaurant-goulu.paris\/fr\/wp-json\/wp\/v2\/pages"}],"about":[{"href":"https:\/\/restaurant-goulu.paris\/fr\/wp-json\/wp\/v2\/types\/page"}],"author":[{"embeddable":true,"href":"https:\/\/restaurant-goulu.paris\/fr\/wp-json\/wp\/v2\/users\/4"}],"replies":[{"embeddable":true,"href":"https:\/\/restaurant-goulu.paris\/fr\/wp-json\/wp\/v2\/comments?post=772"}],"version-history":[{"count":1,"href":"https:\/\/restaurant-goulu.paris\/fr\/wp-json\/wp\/v2\/pages\/772\/revisions"}],"predecessor-version":[{"id":773,"href":"https:\/\/restaurant-goulu.paris\/fr\/wp-json\/wp\/v2\/pages\/772\/revisions\/773"}],"wp:attachment":[{"href":"https:\/\/restaurant-goulu.paris\/fr\/wp-json\/wp\/v2\/media?parent=772"}],"wp:term":[{"taxonomy":"a3w-page-category","embeddable":true,"href":"https:\/\/restaurant-goulu.paris\/fr\/wp-json\/wp\/v2\/a3w-page-category?post=772"}],"curies":[{"name":"wp","href":"https:\/\/api.w.org\/{rel}","templated":true}]}}